{"id":2934,"date":"2023-01-06T20:17:54","date_gmt":"2023-01-06T20:17:54","guid":{"rendered":"https:\/\/dev2.invian.net\/?page_id=2934"},"modified":"2023-05-16T15:22:33","modified_gmt":"2023-05-16T15:22:33","slug":"about-us","status":"publish","type":"page","link":"https:\/\/www.invian.net\/es\/about-us\/","title":{"rendered":"Nosotros"},"content":{"rendered":"<p>[vc_row equal_height=\u00bbyes\u00bb content_placement=\u00bbmiddle\u00bb canvas=\u00bb%5B%7B%22element%22%3A%22image%22%2C%22shape%22%3A%22shape-1%22%2C%22image_effect%22%3A%22style-1%22%2C%22smoothness%22%3A%2230%22%7D%5D\u00bb][vc_column width=\u00bb1\/2&#8243; offset=\u00bbvc_col-md-4&#8243; el_class=\u00bbvc-offset-1&#8243;]<div class=\"deeper-flip-box  wow fadeInLeft\"  data-wow-duration=\"0.75s\" data-wow-delay=\"0.4s\"><div class=\"flip-front icon-top align-center display-flex justify-content-center text-center flex-direction-column bg-accent\" style=\"padding:70px 30px 87px;border-radius:10px;\" >\r\n\t\t\t\t\t<div class=\"inner\">\r\n\t\t\t\t\t\t<div class=\"deeper-image icon-top align-center\" >\n\t\t\t\t\t\t\t<div class=\"image-wrap\" style=\"\">\n\t\t\t\t\t\t\t\t<img decoding=\"async\" alt=\"image\" src=\"https:\/\/www.invian.net\/es\/wp-content\/uploads\/2023\/02\/NOSOTROS-Icono-1.svg\">\n\t\t\t\t\t\t\t<\/div>\n\t\t\t\t\t\t<\/div>\r\n\t\t\t\t\t\t<h3 class=\"heading \" style=\"color:#ffffff;font-size:18px;line-height:30px;margin-top:28px;margin-bottom:0px;\">\r\n\t\t\t\t\t\t<span>Im\u00e1genes de certificaci\u00f3n generadas<\/span>\r\n\t\t\t\t\t<\/h3>\r\n\t\t\t\t\t\t\r\n\t\t\t\t\t<\/div>\r\n\t\t\t\t<\/div><div class=\"flip-back icon-top align-left display-flex justify-content-center text-center flex-direction-column bg-accent\" style=\"padding:45px 75px;border-radius:10px;\" >\r\n\t\t\t\t\t<div class=\"inner\">\r\n\t\t\t\t\t\t\r\n\t\t\t\t\t\t<div class=\"desc \" style=\"color:#ffffff;font-size:16px;line-height:24px;margin-bottom:30px;\"><h2>+ 500 M<\/h2>\n<h6>Im\u00e1genes de certificaci\u00f3n generadas<\/h6>\n<\/div>\r\n\t\t\t\t\t\t\r\n\t\t\t\t\t<\/div>\r\n\t\t\t\t<\/div><\/div><div class=\"deeper-spacer clearfix\" data-config='{\"smobile\":30}'><\/div>[\/vc_column][vc_column width=\u00bb1\/2&#8243; offset=\u00bbvc_col-md-4&#8243;]<div class=\"deeper-flip-box  wow fadeInDown\"  data-wow-duration=\"0.75s\" data-wow-delay=\"0.3s\"><div class=\"flip-front icon-top align-center display-flex justify-content-center text-center flex-direction-column\" style=\"background-color:#ffffff;padding:70px 30px 87px;border-radius:10px;\" >\r\n\t\t\t\t\t<div class=\"inner\">\r\n\t\t\t\t\t\t<div class=\"deeper-image icon-top align-center\" >\n\t\t\t\t\t\t\t<div class=\"image-wrap\" style=\"width:130px;\">\n\t\t\t\t\t\t\t\t<img decoding=\"async\" alt=\"image\" src=\"https:\/\/www.invian.net\/es\/wp-content\/uploads\/2023\/02\/NOSOTROS-Icono-2.svg\">\n\t\t\t\t\t\t\t<\/div>\n\t\t\t\t\t\t<\/div>\r\n\t\t\t\t\t\t<h3 class=\"heading \" style=\"font-size:18px;line-height:30px;margin-top:28px;margin-bottom:0px;\">\r\n\t\t\t\t\t\t<span>\u00d3rdenes de trabajo<br \/>\nrealizadas<\/span>\r\n\t\t\t\t\t<\/h3>\r\n\t\t\t\t\t\t\r\n\t\t\t\t\t<\/div>\r\n\t\t\t\t<\/div><div class=\"flip-back icon-top align-left display-flex justify-content-center text-center flex-direction-column\" style=\"padding:45px 75px;border-radius:10px;\" >\r\n\t\t\t\t\t<div class=\"inner\">\r\n\t\t\t\t\t\t\r\n\t\t\t\t\t\t<div class=\"desc \" style=\"font-size:16px;line-height:24px;margin-bottom:30px;\"><h2>+ 7.32 M<\/h2>\n<h6>\u00d3rdenes de trabajo realizadas<\/h6>\n<\/div>\r\n\t\t\t\t\t\t\r\n\t\t\t\t\t<\/div>\r\n\t\t\t\t<\/div><\/div><div class=\"deeper-spacer clearfix\" data-config='{\"desktop\":30,\"mobile\":30,\"smobile\":30}'><\/div><div class=\"deeper-flip-box  wow fadeInUp\"  data-wow-duration=\"0.75s\" data-wow-delay=\"0.5s\"><div class=\"flip-front icon-top align-center display-flex justify-content-center text-center flex-direction-column\" style=\"background-color:#ffffff;padding:70px 30px 87px;border-radius:10px;\" >\r\n\t\t\t\t\t<div class=\"inner\">\r\n\t\t\t\t\t\t<div class=\"deeper-image icon-top align-center\" >\n\t\t\t\t\t\t\t<div class=\"image-wrap\" style=\"width:130px;\">\n\t\t\t\t\t\t\t\t<img decoding=\"async\" alt=\"image\" src=\"https:\/\/www.invian.net\/es\/wp-content\/uploads\/2023\/02\/NOSOTROS-Icono-3.svg\">\n\t\t\t\t\t\t\t<\/div>\n\t\t\t\t\t\t<\/div>\r\n\t\t\t\t\t\t<h3 class=\"heading \" style=\"font-size:18px;line-height:30px;margin-top:28px;margin-bottom:0px;\">\r\n\t\t\t\t\t\t<span>Incidencias detectadas y<br \/>\nsolucionadas<\/span>\r\n\t\t\t\t\t<\/h3>\r\n\t\t\t\t\t\t\r\n\t\t\t\t\t<\/div>\r\n\t\t\t\t<\/div><div class=\"flip-back icon-top align-left display-flex justify-content-center text-center flex-direction-column\" style=\"padding:45px 75px;border-radius:10px;\" >\r\n\t\t\t\t\t<div class=\"inner\">\r\n\t\t\t\t\t\t\r\n\t\t\t\t\t\t<div class=\"desc \" style=\"font-size:16px;line-height:24px;margin-bottom:30px;\"><h2>+ 6.15 M<\/h2>\n<h6>Incidencias detectadas y solucionadas<\/h6>\n<\/div>\r\n\t\t\t\t\t\t\r\n\t\t\t\t\t<\/div>\r\n\t\t\t\t<\/div><\/div>[\/vc_column][vc_column offset=\u00bbvc_col-lg-4 vc_col-md-4&#8243;]<div class=\"deeper-spacer clearfix\" data-config='{\"mobile\":100,\"smobile\":100}'><\/div><div class=\"deeper-content-box clearfix ctb-713170038 wow fadeInUp\" style=\"\" data-config='{\"padding\":\"0 0 0 8.33%\",\"mobiPadding\":\"0\",\"margin\":\"0\",\"mobiMargin\":\"0\",\"borderStyleHover\":\"solid\"}' data-wow-duration=\"0.75s\" data-wow-delay=\"0.3s\">\r\n\t\t\t\t\t<div class=\"inner \" style=\"\">\r\n\t\t\t\t\t\t<h2 class=\"deeper-text align-left \" style=\"font-weight:800;margin-bottom:30px;\" ><span>We know<br \/>\n<strong>how to DOOH it<\/strong><\/span>\n<\/h2><h6 class=\"deeper-text align-left \" style=\"\" ><span>Somos una empresa global de tecnolog\u00eda comprometida en brindar una innovaci\u00f3n que conecte, inspire y genere sostenibilidad en empresas OOH y DOOH.<\/span>\n<span>Nuestra suite de servicios permite que las labores comerciales y de operaciones se integren dentro de un solo ecosistema, dando como resultado un flujo de trabajo con control total, respuesta inmediata y acciones basadas en indicadores.<\/span>\n<\/h6><div class=\"deeper-spacer clearfix\" data-config='{\"desktop\":20,\"mobile\":20,\"smobile\":20}'><\/div>\r\n\t\t\t\t\t<\/div>\r\n\t\t\t\t\t\r\n\t\t\t\t<\/div>[\/vc_column][\/vc_row][vc_row full_width=\u00bbstretch_row\u00bb canvas=\u00bb%5B%7B%22shape%22%3A%22shape-1%22%2C%22image_effect%22%3A%22style-1%22%2C%22smoothness%22%3A%2230%22%7D%5D\u00bb][vc_column]<div class=\"deeper-spacer clearfix\" data-config='{\"desktop\":200,\"mobile\":40,\"smobile\":40}'><\/div><h2 class=\"deeper-text align-center \" style=\"font-weight:800;margin-bottom:30px;\" ><span><strong>Conoce a nuestros l\u00edderes<\/strong><\/span>\n<\/h2><div class=\"deeper-spacer clearfix\" data-config='{\"desktop\":95,\"mobile\":75,\"smobile\":55}'><\/div>\n\t\t\t<div class=\"deeper-carousel-box  column-2 column2-2 column3-2 column4-1 gap-70 center-mode wow fadeInUp\" data-config='{\"cellAlign\":\"center\",\"autoPlay\":false,\"fullAside\":true,\"wrapAround\":true,\"groupCells\":false}' data-wow-duration=\"0.75s\" data-wow-delay=\"0.3s\">\n\t\t\t\t\n\t\t\t<div class=\"deeper-testimonial-box style-7 align-center \" >\n\t\t\t\t\t\t\t\t\t\n\t\t\t\t\t\t<div class=\"texts\" style=\"\">\n\t\t\t\t\t\t<div class=\"comment\" style=\"\">\n\t\t\t\t\t<p>La innovaci\u00f3n y transparencia son el core de nuestra identidad. Nos enfocamos en resolver los desaf\u00edos m\u00e1s apremiantes de la industria OOH, ofreciendo una forma flexible de personalizar nuestras soluciones a medida del cliente.<\/p>\n\n\t\t\t\t<\/div>\t\t\t\t\t\t\t<div class=\"author-wrap clearfix\">\n\t\t\t\t\t\t\t\t<div class=\"avatar\" style=\"overflow:hidden;border-radius:50%;width:80px;height:80px;\">\n\t\t\t\t\t\t<img decoding=\"async\" src=\"https:\/\/www.invian.net\/es\/wp-content\/uploads\/2023\/04\/1.png\" alt=\"Avatar\">\n\t\t\t\t\t<\/div>\n\t\t\t\t\t\t\t\t<div class=\"author-info\">\n\t\t\t\t\t\t\t\t\t<h5 class=\"author-name\" style=\"\">\n\t\t\t\t\t\tKelson Schmitt\n\t\t\t\t\t<\/h5><span class=\"author-position\" style=\"\">\n\t\t\t\t\t\tChief Executive Officer &amp; Founder\n\t\t\t\t\t<\/span>\t\t\t\t\t\t\t\t<\/div><!-- \/.autho-info -->\n\n\t\t\t\t\t\t\t\t\n\t\t\t\t\t\t\t<\/div><!-- \/.author-wrap -->\n\t\t\t\t\t\t<\/div><!-- \/.texts -->\n\t\t\t\t\t\t\t\t\t<\/div><!-- \/.deeper-testimonial-box -->\n\n\t\t\t\n\t\t\t<div class=\"deeper-testimonial-box style-7 align-center \" >\n\t\t\t\t\t\t\t\t\t\n\t\t\t\t\t\t<div class=\"texts\" style=\"\">\n\t\t\t\t\t\t<div class=\"comment\" style=\"\">\n\t\t\t\t\t<p>La omnicanalidad es el presente y futuro del OOH. Nuestra misi\u00f3n es conectar las oportunidades que ofrece, con el objetivo de generar una mayor autonom\u00eda, eficiencia y precisi\u00f3n en la ejecuci\u00f3n de campa\u00f1as publicitarias.<\/p>\n\n\t\t\t\t<\/div>\t\t\t\t\t\t\t<div class=\"author-wrap clearfix\">\n\t\t\t\t\t\t\t\t<div class=\"avatar\" style=\"overflow:hidden;border-radius:50%;width:80px;height:80px;\">\n\t\t\t\t\t\t<img decoding=\"async\" src=\"https:\/\/www.invian.net\/es\/wp-content\/uploads\/2023\/05\/Nuestros-lideres-Fotografias.png\" alt=\"Avatar\">\n\t\t\t\t\t<\/div>\n\t\t\t\t\t\t\t\t<div class=\"author-info\">\n\t\t\t\t\t\t\t\t\t<h5 class=\"author-name\" style=\"\">\n\t\t\t\t\t\tJos\u00e9 Ricardo Prandini\n\t\t\t\t\t<\/h5><span class=\"author-position\" style=\"\">\n\t\t\t\t\t\tChief Financial Officer &amp; Co-Founder\n\t\t\t\t\t<\/span>\t\t\t\t\t\t\t\t<\/div><!-- \/.autho-info -->\n\n\t\t\t\t\t\t\t\t\n\t\t\t\t\t\t\t<\/div><!-- \/.author-wrap -->\n\t\t\t\t\t\t<\/div><!-- \/.texts -->\n\t\t\t\t\t\t\t\t\t<\/div><!-- \/.deeper-testimonial-box -->\n\n\t\t\t\n\t\t\t<div class=\"deeper-testimonial-box style-7 align-center \" >\n\t\t\t\t\t\t\t\t\t\n\t\t\t\t\t\t<div class=\"texts\" style=\"\">\n\t\t\t\t\t\t<div class=\"comment\" style=\"\">\n\t\t\t\t\t<p>Nuestra capacidad de entender y adaptarnos a las necesidades de la industria OOH, es el resultado del acompa\u00f1amiento constante que brindamos a cada cliente. Esto nos ha permitido crecer de forma sostenida desde nuestros inicios.<\/p>\n\n\t\t\t\t<\/div>\t\t\t\t\t\t\t<div class=\"author-wrap clearfix\">\n\t\t\t\t\t\t\t\t<div class=\"avatar\" style=\"overflow:hidden;border-radius:50%;width:80px;height:80px;\">\n\t\t\t\t\t\t<img decoding=\"async\" src=\"https:\/\/www.invian.net\/es\/wp-content\/uploads\/2023\/04\/2.png\" alt=\"Avatar\">\n\t\t\t\t\t<\/div>\n\t\t\t\t\t\t\t\t<div class=\"author-info\">\n\t\t\t\t\t\t\t\t\t<h5 class=\"author-name\" style=\"\">\n\t\t\t\t\t\tStephany Villarreal\n\t\t\t\t\t<\/h5><span class=\"author-position\" style=\"\">\n\t\t\t\t\t\tChief Commercial Officer &amp; Co-Founder\n\t\t\t\t\t<\/span>\t\t\t\t\t\t\t\t<\/div><!-- \/.autho-info -->\n\n\t\t\t\t\t\t\t\t\n\t\t\t\t\t\t\t<\/div><!-- \/.author-wrap -->\n\t\t\t\t\t\t<\/div><!-- \/.texts -->\n\t\t\t\t\t\t\t\t\t<\/div><!-- \/.deeper-testimonial-box -->\n\n\t\t\t\n\t\t\t<div class=\"deeper-testimonial-box style-7 align-center \" >\n\t\t\t\t\t\t\t\t\t\n\t\t\t\t\t\t<div class=\"texts\" style=\"\">\n\t\t\t\t\t\t<div class=\"comment\" style=\"\">\n\t\t\t\t\t<p>Nuestros KPI son la br\u00fajula que gu\u00eda a nuestros clientes hacia el \u00e9xito, permitiendo una medici\u00f3n objetiva y continua del desempe\u00f1o y una toma de decisiones informada y estrat\u00e9gica. Sin ellos, estar\u00edamos navegando a ciegas en un mar de datos sin sentido.<\/p>\n\n\t\t\t\t<\/div>\t\t\t\t\t\t\t<div class=\"author-wrap clearfix\">\n\t\t\t\t\t\t\t\t<div class=\"avatar\" style=\"overflow:hidden;border-radius:50%;width:80px;height:80px;\">\n\t\t\t\t\t\t<img decoding=\"async\" src=\"https:\/\/www.invian.net\/es\/wp-content\/uploads\/2023\/04\/Victor-Malaver.png\" alt=\"Avatar\">\n\t\t\t\t\t<\/div>\n\t\t\t\t\t\t\t\t<div class=\"author-info\">\n\t\t\t\t\t\t\t\t\t<h5 class=\"author-name\" style=\"\">\n\t\t\t\t\t\tV\u00edctor Malaver\n\t\t\t\t\t<\/h5><span class=\"author-position\" style=\"\">\n\t\t\t\t\t\tChief Operating Officer &amp; Co-Founder\n\t\t\t\t\t<\/span>\t\t\t\t\t\t\t\t<\/div><!-- \/.autho-info -->\n\n\t\t\t\t\t\t\t\t\n\t\t\t\t\t\t\t<\/div><!-- \/.author-wrap -->\n\t\t\t\t\t\t<\/div><!-- \/.texts -->\n\t\t\t\t\t\t\t\t\t<\/div><!-- \/.deeper-testimonial-box -->\n\n\t\t\t\t\t\t<\/div><!-- \/.deeper-carousel-box -->\n\n\t\t\t<div class=\"deeper-spacer clearfix\" data-config='{\"desktop\":50,\"mobile\":40,\"smobile\":30}'><\/div>[\/vc_column][\/vc_row]<\/p>\n","protected":false},"excerpt":{"rendered":"<p>[vc_row equal_height=\u00bbyes\u00bb content_placement=\u00bbmiddle\u00bb canvas=\u00bb%5B%7B%22element%22%3A%22image%22%2C%22shape%22%3A%22shape-1%22%2C%22image_effect%22%3A%22style-1%22%2C%22smoothness%22%3A%2230%22%7D%5D\u00bb][vc_column width=\u00bb1\/2&#8243; offset=\u00bbvc_col-md-4&#8243; el_class=\u00bbvc-offset-1&#8243;][\/vc_column][vc_column width=\u00bb1\/2&#8243; offset=\u00bbvc_col-md-4&#8243;][\/vc_column][vc_column offset=\u00bbvc_col-lg-4 vc_col-md-4&#8243;][\/vc_column][\/vc_row][vc_row full_width=\u00bbstretch_row\u00bb canvas=\u00bb%5B%7B%22shape%22%3A%22shape-1%22%2C%22image_effect%22%3A%22style-1%22%2C%22smoothness%22%3A%2230%22%7D%5D\u00bb][vc_column][\/vc_column][\/vc_row]<\/p>\n","protected":false},"author":1,"featured_media":3280,"parent":0,"menu_order":0,"comment_status":"closed","ping_status":"closed","template":"","meta":{"inline_featured_image":false,"footnotes":""},"class_list":["post-2934","page","type-page","status-publish","has-post-thumbnail","hentry"],"acf":[],"yoast_head":"<!-- This site is optimized with the Yoast SEO plugin v27.3 - https:\/\/yoast.com\/product\/yoast-seo-wordpress\/ -->\n<title>Nosotros - Invian<\/title>\n<meta name=\"robots\" content=\"index, follow, max-snippet:-1, max-image-preview:large, max-video-preview:-1\" \/>\n<link rel=\"canonical\" href=\"https:\/\/www.invian.net\/es\/about-us\/\" \/>\n<meta property=\"og:locale\" content=\"es_ES\" \/>\n<meta property=\"og:type\" content=\"article\" \/>\n<meta property=\"og:title\" content=\"Nosotros - Invian\" \/>\n<meta property=\"og:description\" content=\"[vc_row equal_height=\u00bbyes\u00bb content_placement=\u00bbmiddle\u00bb canvas=\u00bb%5B%7B%22element%22%3A%22image%22%2C%22shape%22%3A%22shape-1%22%2C%22image_effect%22%3A%22style-1%22%2C%22smoothness%22%3A%2230%22%7D%5D\u00bb][vc_column width=\u00bb1\/2&#8243; offset=\u00bbvc_col-md-4&#8243; el_class=\u00bbvc-offset-1&#8243;][\/vc_column][vc_column width=\u00bb1\/2&#8243; offset=\u00bbvc_col-md-4&#8243;][\/vc_column][vc_column offset=\u00bbvc_col-lg-4 vc_col-md-4&#8243;][\/vc_column][\/vc_row][vc_row full_width=\u00bbstretch_row\u00bb canvas=\u00bb%5B%7B%22shape%22%3A%22shape-1%22%2C%22image_effect%22%3A%22style-1%22%2C%22smoothness%22%3A%2230%22%7D%5D\u00bb][vc_column][\/vc_column][\/vc_row]\" \/>\n<meta property=\"og:url\" content=\"https:\/\/www.invian.net\/es\/about-us\/\" \/>\n<meta property=\"og:site_name\" content=\"Invian\" \/>\n<meta property=\"article:publisher\" content=\"https:\/\/www.facebook.com\/invian.net\" \/>\n<meta property=\"article:modified_time\" content=\"2023-05-16T15:22:33+00:00\" \/>\n<meta property=\"og:image\" content=\"https:\/\/www.invian.net\/es\/wp-content\/uploads\/2023\/03\/Banner-Principal-Nosotros.webp\" \/>\n\t<meta property=\"og:image:width\" content=\"1920\" \/>\n\t<meta property=\"og:image:height\" content=\"1080\" \/>\n\t<meta property=\"og:image:type\" content=\"image\/webp\" \/>\n<meta name=\"twitter:card\" content=\"summary_large_image\" \/>\n<script type=\"application\/ld+json\" class=\"yoast-schema-graph\">{\"@context\":\"https:\\\/\\\/schema.org\",\"@graph\":[{\"@type\":\"WebPage\",\"@id\":\"https:\\\/\\\/www.invian.net\\\/es\\\/about-us\\\/\",\"url\":\"https:\\\/\\\/www.invian.net\\\/es\\\/about-us\\\/\",\"name\":\"Nosotros - Invian\",\"isPartOf\":{\"@id\":\"https:\\\/\\\/www.invian.net\\\/es\\\/#website\"},\"primaryImageOfPage\":{\"@id\":\"https:\\\/\\\/www.invian.net\\\/es\\\/about-us\\\/#primaryimage\"},\"image\":{\"@id\":\"https:\\\/\\\/www.invian.net\\\/es\\\/about-us\\\/#primaryimage\"},\"thumbnailUrl\":\"https:\\\/\\\/www.invian.net\\\/es\\\/wp-content\\\/uploads\\\/2023\\\/03\\\/Banner-Principal-Nosotros.webp\",\"datePublished\":\"2023-01-06T20:17:54+00:00\",\"dateModified\":\"2023-05-16T15:22:33+00:00\",\"breadcrumb\":{\"@id\":\"https:\\\/\\\/www.invian.net\\\/es\\\/about-us\\\/#breadcrumb\"},\"inLanguage\":\"es\",\"potentialAction\":[{\"@type\":\"ReadAction\",\"target\":[\"https:\\\/\\\/www.invian.net\\\/es\\\/about-us\\\/\"]}]},{\"@type\":\"ImageObject\",\"inLanguage\":\"es\",\"@id\":\"https:\\\/\\\/www.invian.net\\\/es\\\/about-us\\\/#primaryimage\",\"url\":\"https:\\\/\\\/www.invian.net\\\/es\\\/wp-content\\\/uploads\\\/2023\\\/03\\\/Banner-Principal-Nosotros.webp\",\"contentUrl\":\"https:\\\/\\\/www.invian.net\\\/es\\\/wp-content\\\/uploads\\\/2023\\\/03\\\/Banner-Principal-Nosotros.webp\",\"width\":1920,\"height\":1080},{\"@type\":\"BreadcrumbList\",\"@id\":\"https:\\\/\\\/www.invian.net\\\/es\\\/about-us\\\/#breadcrumb\",\"itemListElement\":[{\"@type\":\"ListItem\",\"position\":1,\"name\":\"Home\",\"item\":\"https:\\\/\\\/www.invian.net\\\/es\\\/\"},{\"@type\":\"ListItem\",\"position\":2,\"name\":\"Nosotros\"}]},{\"@type\":\"WebSite\",\"@id\":\"https:\\\/\\\/www.invian.net\\\/es\\\/#website\",\"url\":\"https:\\\/\\\/www.invian.net\\\/es\\\/\",\"name\":\"Invian \u2013 Smart OOH Systems\",\"description\":\"Smart OOH Systems\",\"publisher\":{\"@id\":\"https:\\\/\\\/www.invian.net\\\/es\\\/#organization\"},\"alternateName\":\"Invian\",\"potentialAction\":[{\"@type\":\"SearchAction\",\"target\":{\"@type\":\"EntryPoint\",\"urlTemplate\":\"https:\\\/\\\/www.invian.net\\\/es\\\/?s={search_term_string}\"},\"query-input\":{\"@type\":\"PropertyValueSpecification\",\"valueRequired\":true,\"valueName\":\"search_term_string\"}}],\"inLanguage\":\"es\"},{\"@type\":\"Organization\",\"@id\":\"https:\\\/\\\/www.invian.net\\\/es\\\/#organization\",\"name\":\"Invian \u2013 Smart OOH Systems\",\"alternateName\":\"Invian\",\"url\":\"https:\\\/\\\/www.invian.net\\\/es\\\/\",\"logo\":{\"@type\":\"ImageObject\",\"inLanguage\":\"es\",\"@id\":\"https:\\\/\\\/www.invian.net\\\/es\\\/#\\\/schema\\\/logo\\\/image\\\/\",\"url\":\"https:\\\/\\\/www.invian.net\\\/es\\\/wp-content\\\/uploads\\\/2023\\\/02\\\/LOGO-Color-en-positivo.svg\",\"contentUrl\":\"https:\\\/\\\/www.invian.net\\\/es\\\/wp-content\\\/uploads\\\/2023\\\/02\\\/LOGO-Color-en-positivo.svg\",\"width\":\"1024\",\"height\":\"1024\",\"caption\":\"Invian \u2013 Smart OOH Systems\"},\"image\":{\"@id\":\"https:\\\/\\\/www.invian.net\\\/es\\\/#\\\/schema\\\/logo\\\/image\\\/\"},\"sameAs\":[\"https:\\\/\\\/www.facebook.com\\\/invian.net\",\"https:\\\/\\\/www.linkedin.com\\\/company\\\/invian\\\/mycompany\\\/\",\"https:\\\/\\\/www.instagram.com\\\/invianinternational\\\/\"]}]}<\/script>\n<!-- \/ Yoast SEO plugin. -->","yoast_head_json":{"title":"Nosotros - Invian","robots":{"index":"index","follow":"follow","max-snippet":"max-snippet:-1","max-image-preview":"max-image-preview:large","max-video-preview":"max-video-preview:-1"},"canonical":"https:\/\/www.invian.net\/es\/about-us\/","og_locale":"es_ES","og_type":"article","og_title":"Nosotros - Invian","og_description":"[vc_row equal_height=\u00bbyes\u00bb content_placement=\u00bbmiddle\u00bb canvas=\u00bb%5B%7B%22element%22%3A%22image%22%2C%22shape%22%3A%22shape-1%22%2C%22image_effect%22%3A%22style-1%22%2C%22smoothness%22%3A%2230%22%7D%5D\u00bb][vc_column width=\u00bb1\/2&#8243; offset=\u00bbvc_col-md-4&#8243; el_class=\u00bbvc-offset-1&#8243;][\/vc_column][vc_column width=\u00bb1\/2&#8243; offset=\u00bbvc_col-md-4&#8243;][\/vc_column][vc_column offset=\u00bbvc_col-lg-4 vc_col-md-4&#8243;][\/vc_column][\/vc_row][vc_row full_width=\u00bbstretch_row\u00bb canvas=\u00bb%5B%7B%22shape%22%3A%22shape-1%22%2C%22image_effect%22%3A%22style-1%22%2C%22smoothness%22%3A%2230%22%7D%5D\u00bb][vc_column][\/vc_column][\/vc_row]","og_url":"https:\/\/www.invian.net\/es\/about-us\/","og_site_name":"Invian","article_publisher":"https:\/\/www.facebook.com\/invian.net","article_modified_time":"2023-05-16T15:22:33+00:00","og_image":[{"width":1920,"height":1080,"url":"https:\/\/www.invian.net\/es\/wp-content\/uploads\/2023\/03\/Banner-Principal-Nosotros.webp","type":"image\/webp"}],"twitter_card":"summary_large_image","schema":{"@context":"https:\/\/schema.org","@graph":[{"@type":"WebPage","@id":"https:\/\/www.invian.net\/es\/about-us\/","url":"https:\/\/www.invian.net\/es\/about-us\/","name":"Nosotros - Invian","isPartOf":{"@id":"https:\/\/www.invian.net\/es\/#website"},"primaryImageOfPage":{"@id":"https:\/\/www.invian.net\/es\/about-us\/#primaryimage"},"image":{"@id":"https:\/\/www.invian.net\/es\/about-us\/#primaryimage"},"thumbnailUrl":"https:\/\/www.invian.net\/es\/wp-content\/uploads\/2023\/03\/Banner-Principal-Nosotros.webp","datePublished":"2023-01-06T20:17:54+00:00","dateModified":"2023-05-16T15:22:33+00:00","breadcrumb":{"@id":"https:\/\/www.invian.net\/es\/about-us\/#breadcrumb"},"inLanguage":"es","potentialAction":[{"@type":"ReadAction","target":["https:\/\/www.invian.net\/es\/about-us\/"]}]},{"@type":"ImageObject","inLanguage":"es","@id":"https:\/\/www.invian.net\/es\/about-us\/#primaryimage","url":"https:\/\/www.invian.net\/es\/wp-content\/uploads\/2023\/03\/Banner-Principal-Nosotros.webp","contentUrl":"https:\/\/www.invian.net\/es\/wp-content\/uploads\/2023\/03\/Banner-Principal-Nosotros.webp","width":1920,"height":1080},{"@type":"BreadcrumbList","@id":"https:\/\/www.invian.net\/es\/about-us\/#breadcrumb","itemListElement":[{"@type":"ListItem","position":1,"name":"Home","item":"https:\/\/www.invian.net\/es\/"},{"@type":"ListItem","position":2,"name":"Nosotros"}]},{"@type":"WebSite","@id":"https:\/\/www.invian.net\/es\/#website","url":"https:\/\/www.invian.net\/es\/","name":"Invian \u2013 Smart OOH Systems","description":"Smart OOH Systems","publisher":{"@id":"https:\/\/www.invian.net\/es\/#organization"},"alternateName":"Invian","potentialAction":[{"@type":"SearchAction","target":{"@type":"EntryPoint","urlTemplate":"https:\/\/www.invian.net\/es\/?s={search_term_string}"},"query-input":{"@type":"PropertyValueSpecification","valueRequired":true,"valueName":"search_term_string"}}],"inLanguage":"es"},{"@type":"Organization","@id":"https:\/\/www.invian.net\/es\/#organization","name":"Invian \u2013 Smart OOH Systems","alternateName":"Invian","url":"https:\/\/www.invian.net\/es\/","logo":{"@type":"ImageObject","inLanguage":"es","@id":"https:\/\/www.invian.net\/es\/#\/schema\/logo\/image\/","url":"https:\/\/www.invian.net\/es\/wp-content\/uploads\/2023\/02\/LOGO-Color-en-positivo.svg","contentUrl":"https:\/\/www.invian.net\/es\/wp-content\/uploads\/2023\/02\/LOGO-Color-en-positivo.svg","width":"1024","height":"1024","caption":"Invian \u2013 Smart OOH Systems"},"image":{"@id":"https:\/\/www.invian.net\/es\/#\/schema\/logo\/image\/"},"sameAs":["https:\/\/www.facebook.com\/invian.net","https:\/\/www.linkedin.com\/company\/invian\/mycompany\/","https:\/\/www.instagram.com\/invianinternational\/"]}]}},"meta_box":{"custom_header_logo":false,"logo_width":"","header_style":"","header_background":"","header_extra":"","header_button_extra":"","hide_featured_title":"0","featured_title_bg":[],"custom_featured_title":"","page_layout":"no-sidebar","page_sidebar":"sidebar-page","main_content_bg":"","main_content_bg_img":[],"hide_padding_content":"0","hide_footer":"0","footer_bg":"","footer_bg_img":[],"footer_class":"","bottom_bar_style":"","bottom_bg":"","bottom_class":""},"_links":{"self":[{"href":"https:\/\/www.invian.net\/es\/wp-json\/wp\/v2\/pages\/2934","targetHints":{"allow":["GET"]}}],"collection":[{"href":"https:\/\/www.invian.net\/es\/wp-json\/wp\/v2\/pages"}],"about":[{"href":"https:\/\/www.invian.net\/es\/wp-json\/wp\/v2\/types\/page"}],"author":[{"embeddable":true,"href":"https:\/\/www.invian.net\/es\/wp-json\/wp\/v2\/users\/1"}],"replies":[{"embeddable":true,"href":"https:\/\/www.invian.net\/es\/wp-json\/wp\/v2\/comments?post=2934"}],"version-history":[{"count":26,"href":"https:\/\/www.invian.net\/es\/wp-json\/wp\/v2\/pages\/2934\/revisions"}],"predecessor-version":[{"id":3901,"href":"https:\/\/www.invian.net\/es\/wp-json\/wp\/v2\/pages\/2934\/revisions\/3901"}],"wp:featuredmedia":[{"embeddable":true,"href":"https:\/\/www.invian.net\/es\/wp-json\/wp\/v2\/media\/3280"}],"wp:attachment":[{"href":"https:\/\/www.invian.net\/es\/wp-json\/wp\/v2\/media?parent=2934"}],"curies":[{"name":"wp","href":"https:\/\/api.w.org\/{rel}","templated":true}]}}