{"id":3087,"date":"2020-05-28T07:02:16","date_gmt":"2020-05-28T07:02:16","guid":{"rendered":"https:\/\/dev2.invian.net\/?page_id=3087"},"modified":"2024-04-05T18:27:12","modified_gmt":"2024-04-05T18:27:12","slug":"marketplace-mercadooh","status":"publish","type":"page","link":"https:\/\/www.invian.net\/es\/marketplace-mercadooh\/","title":{"rendered":"Marketplace MercaDOOH"},"content":{"rendered":"<p>[vc_row canvas=\u00bb%5B%7B%22element%22%3A%22morphin%22%2C%22shape%22%3A%22shape-4%22%2C%22image_effect%22%3A%22style-1%22%2C%22smoothness%22%3A%2230%22%2C%22class%22%3A%22index1%20rev-item%20ri5%22%7D%2C%7B%22element%22%3A%22image%22%2C%22shape%22%3A%22shape-1%22%2C%22image%22%3A%223788%22%2C%22image_width%22%3A%2245%25%22%2C%22image_post_top%22%3A%2215%25%22%2C%22image_post_right%22%3A%220%25%22%2C%22image_effect%22%3A%22style-1%22%2C%22smoothness%22%3A%2230%22%2C%22class%22%3A%22rev-item%20ri6%20index1%22%7D%5D\u00bb el_class=\u00bbfirst-row\u00bb][vc_column]\n\t\t\t<!-- START MercaDOOH REVOLUTION SLIDER 6.5.31 --><p class=\"rs-p-wp-fix\"><\/p>\n\t\t\t<rs-module-wrap id=\"rev_slider_26_1_wrapper\" data-source=\"gallery\" style=\"visibility:hidden;background:transparent;padding:0;margin:0px auto;margin-top:0;margin-bottom:0;\">\n\t\t\t\t<rs-module id=\"rev_slider_26_1\" style=\"\" data-version=\"6.5.31\">\n\t\t\t\t\t<rs-slides>\n\t\t\t\t\t\t<rs-slide style=\"position: absolute;\" data-key=\"rs-26\" data-title=\"Slide\" data-in=\"o:0;\" data-out=\"a:false;\">\n\t\t\t\t\t\t\t<img decoding=\"async\" src=\"\/\/www.invian.net\/es\/wp-content\/plugins\/revslider\/public\/assets\/assets\/dummy.png\" alt=\"Slide\" title=\"Marketplace MercaDOOH\" class=\"rev-slidebg tp-rs-img rs-lazyload\" data-lazyload=\"\/\/www.invian.net\/es\/wp-content\/plugins\/revslider\/public\/assets\/assets\/transparent.png\" data-bg=\"c:#ffffff;\" data-no-retina>\n<!--\n\t\t\t\t\t\t\t--><a\n\t\t\t\t\t\t\t\tid=\"slider-26-slide-26-layer-0\" \n\t\t\t\t\t\t\t\tclass=\"rs-layer demobutton-page button-header rev-btn\"\n\t\t\t\t\t\t\t\thref=\"mailto:info@invian.net\" target=\"_blank\" rel=\"nofollow noopener\"\n\t\t\t\t\t\t\t\tdata-type=\"button\"\n\t\t\t\t\t\t\t\tdata-color=\"#1c3693\"\n\t\t\t\t\t\t\t\tdata-xy=\"x:c;xo:-509px,32px,46px,0;y:m;yo:-1px,169px,323px,284px;\"\n\t\t\t\t\t\t\t\tdata-text=\"w:normal;s:16,18,18,18;l:20,30,30,30;fw:600;\"\n\t\t\t\t\t\t\t\tdata-dim=\"minh:0px,none,none,none;\"\n\t\t\t\t\t\t\t\tdata-rsp_bd=\"off\"\n\t\t\t\t\t\t\t\tdata-padding=\"t:10,9,7,4;r:20,17,13,8;b:10,9,7,4;l:20,17,13,8;\"\n\t\t\t\t\t\t\t\tdata-border=\"bos:solid;boc:#1c3693;bow:2px,2px,2px,2px;bor:60px,60px,60px,60px;\"\n\t\t\t\t\t\t\t\tdata-frame_0=\"y:50,42,31,19;\"\n\t\t\t\t\t\t\t\tdata-frame_1=\"st:1000;sp:1000;\"\n\t\t\t\t\t\t\t\tdata-frame_999=\"o:0;st:w;\"\n\t\t\t\t\t\t\t\tdata-frame_hover=\"c:#fff;bgc:linear-gradient(rgba(13,104,236,1) 0%, rgba(13,104,236,1) 100%);bor:60px,60px,60px,60px;sp:100;e:power1.inOut;bri:100%;\"\n\t\t\t\t\t\t\t\tstyle=\"z-index:11;background-color:#ffffff;font-family:'Poppins';\"\n\t\t\t\t\t\t\t>Cont\u00e1ctanos \n\t\t\t\t\t\t\t<\/a><!--\n\n\t\t\t\t\t\t\t--><rs-layer\n\t\t\t\t\t\t\t\tid=\"slider-26-slide-26-layer-2\" \n\t\t\t\t\t\t\t\tclass=\"title-page\"\n\t\t\t\t\t\t\t\tdata-type=\"text\"\n\t\t\t\t\t\t\t\tdata-color=\"#000000\"\n\t\t\t\t\t\t\t\tdata-rsp_ch=\"on\"\n\t\t\t\t\t\t\t\tdata-xy=\"xo:15px,32px,46px,52px;y:m;yo:-187px,-148px,-54px,-31px;\"\n\t\t\t\t\t\t\t\tdata-text=\"w:normal;s:45,55,48,40;l:50,71,72,50;fw:200;\"\n\t\t\t\t\t\t\t\tdata-dim=\"w:570px,570px,430px,360px;\"\n\t\t\t\t\t\t\t\tdata-frame_0=\"y:50,42,31,19;\"\n\t\t\t\t\t\t\t\tdata-frame_1=\"sp:1000;\"\n\t\t\t\t\t\t\t\tdata-frame_999=\"o:0;st:w;\"\n\t\t\t\t\t\t\t\tstyle=\"z-index:8;font-family:'Poppins';\"\n\t\t\t\t\t\t\t>Marketplace<br \/>\n<strong>MercaDOOH<\/strong> \n\t\t\t\t\t\t\t<\/rs-layer><!--\n\n\t\t\t\t\t\t\t--><rs-layer\n\t\t\t\t\t\t\t\tid=\"slider-26-slide-26-layer-3\" \n\t\t\t\t\t\t\t\tclass=\"subtitle-page\"\n\t\t\t\t\t\t\t\tdata-type=\"text\"\n\t\t\t\t\t\t\t\tdata-color=\"#000000\"\n\t\t\t\t\t\t\t\tdata-xy=\"xo:15px,32px,46px,52px;y:m;yo:-88px,24px,145px,115px;\"\n\t\t\t\t\t\t\t\tdata-text=\"w:normal;s:18,24,20,18;l:30,45,38,28;\"\n\t\t\t\t\t\t\t\tdata-dim=\"w:548px,480px,320px,280px;\"\n\t\t\t\t\t\t\t\tdata-rsp_bd=\"off\"\n\t\t\t\t\t\t\t\tdata-frame_0=\"y:50,42,31,19;\"\n\t\t\t\t\t\t\t\tdata-frame_1=\"st:500;sp:1000;\"\n\t\t\t\t\t\t\t\tdata-frame_999=\"o:0;st:w;\"\n\t\t\t\t\t\t\t\tstyle=\"z-index:9;font-family:'Poppins';\"\n\t\t\t\t\t\t\t>Obt\u00e9n visibilidad en el mercado OOH internacional, y ampl\u00eda tus ventas de una manera m\u00e1s rentable, \u00e1gil y flexible. \n\t\t\t\t\t\t\t<\/rs-layer><!--\n-->\t\t\t\t\t\t<\/rs-slide>\n\t\t\t\t\t<\/rs-slides>\n\t\t\t\t<\/rs-module>\n\t\t\t\t<script>\n\t\t\t\t\tsetREVStartSize({c: 'rev_slider_26_1',rl:[1240,1024,778,480],el:[800,960,860,600],gw:[1200,1024,778,480],gh:[800,960,600,600],type:'standard',justify:'',layout:'fullwidth',mh:\"0\"});if (window.RS_MODULES!==undefined && window.RS_MODULES.modules!==undefined && window.RS_MODULES.modules[\"revslider261\"]!==undefined) {window.RS_MODULES.modules[\"revslider261\"].once = false;window.revapi26 = undefined;if (window.RS_MODULES.checkMinimal!==undefined) window.RS_MODULES.checkMinimal()}\n\t\t\t\t<\/script>\n\t\t\t<\/rs-module-wrap>\n\t\t\t<!-- END REVOLUTION SLIDER -->\n[\/vc_column][\/vc_row][vc_row][vc_column width=\u00bb1\/2&#8243;]<div class=\"deeper-content-box clearfix ctb-2068062236 wow fadeInUp\" style=\"\" data-config='{\"padding\":\"0 0 0 5%\",\"mobiPadding\":\"0\",\"margin\":\"0\",\"mobiMargin\":\"0\",\"borderStyleHover\":\"solid\"}' data-wow-duration=\"0.75s\" data-wow-delay=\"0.3s\">\r\n\t\t\t\t\t<div class=\"inner \" style=\"\">\r\n\t\t\t\t\t\t<div class=\"deeper-spacer clearfix\" data-config='{\"desktop\":80,\"mobile\":50,\"smobile\":40}'><\/div><h2 class=\"deeper-text align-left row-title\" style=\"font-size:36px;margin-bottom:30px;\" ><span>Genera una<br \/>\n<strong>mayor rentabilidad<\/strong><\/span>\n<\/h2><div class=\"deeper-text align-left row-content\" style=\"margin-bottom:0px;\" ><ul>\n<li>Implementa un SSP dise\u00f1ado para conectar 24\/7 con anunciantes de todo el mundo.<\/li>\n<li>Impulsa la venta tu red de pantallas de poca demanda.<\/li>\n<li>Obt\u00e9n informaci\u00f3n clave de tus clientes para una prospecci\u00f3n m\u00e1s precisa.<\/li>\n<\/ul>\n<\/div>\r\n\t\t\t\t\t<\/div>\r\n\t\t\t\t\t\r\n\t\t\t\t<\/div>[\/vc_column][vc_column width=\u00bb1\/2&#8243;][vc_row_inner equal_height=\u00bbyes\u00bb content_placement=\u00bbmiddle\u00bb][vc_column_inner css=\u00bb.vc_custom_1676493721077{padding-left: 30px !important;}\u00bb]<div class=\"deeper-spacer clearfix\" data-config='{\"desktop\":80,\"mobile\":10,\"smobile\":10}'><\/div><div class=\"deeper-fancy-image reveal  rl  stretch ctb-971639710\"  data-config='{\"stretchRight\":\"-22vw\"}' data-inviewport=\"yes\">\r\n\t\t\t\t\t\t\t<figure style=\"\"><img decoding=\"async\" alt=\"image\" src=\"https:\/\/www.invian.net\/es\/wp-content\/uploads\/2023\/04\/MercaDOOH-seccion-1.png\" \/> <\/figure>\r\n\t\t\t\t\t\t<\/div><div class=\"deeper-spacer clearfix\" data-config='{\"mobile\":10,\"smobile\":10}'><\/div>[\/vc_column_inner][\/vc_row_inner][\/vc_column][\/vc_row][vc_row canvas=\u00bb%5B%7B%22shape%22%3A%22shape-1%22%2C%22image_effect%22%3A%22style-1%22%2C%22smoothness%22%3A%2230%22%7D%5D\u00bb el_class=\u00bbinverse-responsive\u00bb][vc_column width=\u00bb1\/2&#8243;][vc_row_inner equal_height=\u00bbyes\u00bb content_placement=\u00bbmiddle\u00bb][vc_column_inner css=\u00bb.vc_custom_1676493721077{padding-left: 30px !important;}\u00bb]<div class=\"deeper-spacer clearfix\" data-config='{\"desktop\":80,\"smobile\":60}'><\/div><div class=\"deeper-fancy-image reveal  rl  stretch ctb-1077043592\"  data-config='{\"stretchLeft\":\"-22vw\"}' data-inviewport=\"yes\">\r\n\t\t\t\t\t\t\t<figure style=\"\"><img decoding=\"async\" alt=\"image\" src=\"https:\/\/www.invian.net\/es\/wp-content\/uploads\/2023\/04\/MCD-seccion-2-scaled.webp\" \/> <\/figure>\r\n\t\t\t\t\t\t<\/div><div class=\"deeper-spacer clearfix\" data-config='{\"mobile\":60,\"smobile\":60}'><\/div>[\/vc_column_inner][\/vc_row_inner][\/vc_column][vc_column width=\u00bb1\/2&#8243;]<div class=\"deeper-content-box clearfix ctb-1365615674 wow fadeInUp\" style=\"\" data-config='{\"padding\":\"0 0 0 5%\",\"mobiPadding\":\"0\",\"margin\":\"0\",\"mobiMargin\":\"0\",\"borderStyleHover\":\"solid\"}' data-wow-duration=\"0.75s\" data-wow-delay=\"0.3s\">\r\n\t\t\t\t\t<div class=\"inner \" style=\"\">\r\n\t\t\t\t\t\t<div class=\"deeper-spacer clearfix\" data-config='{\"desktop\":80,\"mobile\":50,\"smobile\":40}'><\/div><h2 class=\"deeper-text align-left row-title\" style=\"font-size:36px;margin-bottom:30px;\" ><span>Experimenta el<br \/>\n<strong>control total de tu red<\/strong><\/span>\n<\/h2><div class=\"deeper-text align-left row-content\" style=\"margin-bottom:0px;\" ><ul>\n<li>Gestiona en tiempo real nuevas compras y reservas.<\/li>\n<li>Habilita o bloquea autom\u00e1ticamente la disponibilidad de tu red.<\/li>\n<li>Personaliza precios y filtros, y otorga acceso a determinados grupos de clientes.<\/li>\n<li>Revisa y aprueba cada contenido antes de que se muestre en tus pantallas<\/li>\n<\/ul>\n<\/div>\r\n\t\t\t\t\t<\/div>\r\n\t\t\t\t\t\r\n\t\t\t\t<\/div>[\/vc_column][\/vc_row][vc_row][vc_column width=\u00bb1\/2&#8243;]<div class=\"deeper-content-box clearfix ctb-1600799402 wow fadeInUp\" style=\"\" data-config='{\"padding\":\"0 0 0 5%\",\"mobiPadding\":\"0\",\"margin\":\"0\",\"mobiMargin\":\"0\",\"borderStyleHover\":\"solid\"}' data-wow-duration=\"0.75s\" data-wow-delay=\"0.3s\">\r\n\t\t\t\t\t<div class=\"inner \" style=\"\">\r\n\t\t\t\t\t\t<div class=\"deeper-spacer clearfix\" data-config='{\"desktop\":80,\"mobile\":50,\"smobile\":40}'><\/div><h2 class=\"deeper-text align-left row-title\" style=\"font-size:36px;margin-bottom:30px;\" ><span>Brinda una mejor<br \/>\n<strong>experiencia de compra<\/strong><\/span>\n<\/h2><div class=\"deeper-text align-left row-content\" style=\"margin-bottom:0px;\" ><ul>\n<li>\u00bfE-commerce o marketplace? Escoge el modelo que m\u00e1s se adapte a tu inventario.<\/li>\n<li>Facilita el seguimiento de compra con la creaci\u00f3n de favoritos y recuperaci\u00f3n de carritos abandonados.<\/li>\n<li>Exhibe tu red de pantallas de forma interactiva con el uso de mapas.<\/li>\n<li>Ofrece formas de pago 100% online y seguras.<\/li>\n<\/ul>\n<\/div>\r\n\t\t\t\t\t<\/div>\r\n\t\t\t\t\t\r\n\t\t\t\t<\/div>[\/vc_column][vc_column width=\u00bb1\/2&#8243;][vc_row_inner equal_height=\u00bbyes\u00bb content_placement=\u00bbmiddle\u00bb][vc_column_inner css=\u00bb.vc_custom_1676493721077{padding-left: 30px !important;}\u00bb]<div class=\"deeper-spacer clearfix\" data-config='{\"desktop\":80,\"mobile\":60,\"smobile\":60}'><\/div><div class=\"deeper-fancy-image reveal  rl  stretch ctb-805846172\"  data-config='{\"stretchRight\":\"-22vw\"}' data-inviewport=\"yes\">\r\n\t\t\t\t\t\t\t<figure style=\"\"><img decoding=\"async\" alt=\"image\" src=\"https:\/\/www.invian.net\/es\/wp-content\/uploads\/2023\/04\/MKP-seccion-3-min-scaled.webp\" \/> <\/figure>\r\n\t\t\t\t\t\t<\/div><div class=\"deeper-spacer clearfix\" data-config='{\"mobile\":60,\"smobile\":60}'><\/div>[\/vc_column_inner][\/vc_row_inner][\/vc_column][\/vc_row]<\/p>\n","protected":false},"excerpt":{"rendered":"<p>[vc_row canvas=\u00bb%5B%7B%22element%22%3A%22morphin%22%2C%22shape%22%3A%22shape-4%22%2C%22image_effect%22%3A%22style-1%22%2C%22smoothness%22%3A%2230%22%2C%22class%22%3A%22index1%20rev-item%20ri5%22%7D%2C%7B%22element%22%3A%22image%22%2C%22shape%22%3A%22shape-1%22%2C%22image%22%3A%223788%22%2C%22image_width%22%3A%2245%25%22%2C%22image_post_top%22%3A%2215%25%22%2C%22image_post_right%22%3A%220%25%22%2C%22image_effect%22%3A%22style-1%22%2C%22smoothness%22%3A%2230%22%2C%22class%22%3A%22rev-item%20ri6%20index1%22%7D%5D\u00bb el_class=\u00bbfirst-row\u00bb][vc_column][\/vc_column][\/vc_row][vc_row][vc_column width=\u00bb1\/2&#8243;][\/vc_column][vc_column width=\u00bb1\/2&#8243;][vc_row_inner equal_height=\u00bbyes\u00bb content_placement=\u00bbmiddle\u00bb][vc_column_inner css=\u00bb.vc_custom_1676493721077{padding-left: 30px !important;}\u00bb][\/vc_column_inner][\/vc_row_inner][\/vc_column][\/vc_row][vc_row canvas=\u00bb%5B%7B%22shape%22%3A%22shape-1%22%2C%22image_effect%22%3A%22style-1%22%2C%22smoothness%22%3A%2230%22%7D%5D\u00bb el_class=\u00bbinverse-responsive\u00bb][vc_column width=\u00bb1\/2&#8243;][vc_row_inner equal_height=\u00bbyes\u00bb content_placement=\u00bbmiddle\u00bb][vc_column_inner css=\u00bb.vc_custom_1676493721077{padding-left: 30px !important;}\u00bb][\/vc_column_inner][\/vc_row_inner][\/vc_column][vc_column width=\u00bb1\/2&#8243;][\/vc_column][\/vc_row][vc_row][vc_column width=\u00bb1\/2&#8243;][\/vc_column][vc_column width=\u00bb1\/2&#8243;][vc_row_inner equal_height=\u00bbyes\u00bb content_placement=\u00bbmiddle\u00bb][vc_column_inner css=\u00bb.vc_custom_1676493721077{padding-left: 30px !important;}\u00bb][\/vc_column_inner][\/vc_row_inner][\/vc_column][\/vc_row]<\/p>\n","protected":false},"author":1,"featured_media":0,"parent":0,"menu_order":0,"comment_status":"closed","ping_status":"closed","template":"","meta":{"inline_featured_image":false,"footnotes":""},"class_list":["post-3087","page","type-page","status-publish","hentry"],"acf":[],"yoast_head":"<!-- This site is optimized with the Yoast SEO plugin v27.4 - https:\/\/yoast.com\/product\/yoast-seo-wordpress\/ -->\n<title>Marketplace MercaDOOH - Invian<\/title>\n<meta name=\"robots\" content=\"index, follow, max-snippet:-1, max-image-preview:large, max-video-preview:-1\" \/>\n<link rel=\"canonical\" href=\"https:\/\/www.invian.net\/es\/marketplace-mercadooh\/\" \/>\n<meta property=\"og:locale\" content=\"es_ES\" \/>\n<meta property=\"og:type\" content=\"article\" \/>\n<meta property=\"og:title\" content=\"Marketplace MercaDOOH - Invian\" \/>\n<meta property=\"og:description\" content=\"[vc_row canvas=\u00bb%5B%7B%22element%22%3A%22morphin%22%2C%22shape%22%3A%22shape-4%22%2C%22image_effect%22%3A%22style-1%22%2C%22smoothness%22%3A%2230%22%2C%22class%22%3A%22index1%20rev-item%20ri5%22%7D%2C%7B%22element%22%3A%22image%22%2C%22shape%22%3A%22shape-1%22%2C%22image%22%3A%223788%22%2C%22image_width%22%3A%2245%25%22%2C%22image_post_top%22%3A%2215%25%22%2C%22image_post_right%22%3A%220%25%22%2C%22image_effect%22%3A%22style-1%22%2C%22smoothness%22%3A%2230%22%2C%22class%22%3A%22rev-item%20ri6%20index1%22%7D%5D\u00bb el_class=\u00bbfirst-row\u00bb][vc_column][\/vc_column][\/vc_row][vc_row][vc_column width=\u00bb1\/2&#8243;][\/vc_column][vc_column width=\u00bb1\/2&#8243;][vc_row_inner equal_height=\u00bbyes\u00bb content_placement=\u00bbmiddle\u00bb][vc_column_inner css=\u00bb.vc_custom_1676493721077{padding-left: 30px !important;}\u00bb][\/vc_column_inner][\/vc_row_inner][\/vc_column][\/vc_row][vc_row canvas=\u00bb%5B%7B%22shape%22%3A%22shape-1%22%2C%22image_effect%22%3A%22style-1%22%2C%22smoothness%22%3A%2230%22%7D%5D\u00bb el_class=\u00bbinverse-responsive\u00bb][vc_column width=\u00bb1\/2&#8243;][vc_row_inner equal_height=\u00bbyes\u00bb content_placement=\u00bbmiddle\u00bb][vc_column_inner css=\u00bb.vc_custom_1676493721077{padding-left: 30px !important;}\u00bb][\/vc_column_inner][\/vc_row_inner][\/vc_column][vc_column width=\u00bb1\/2&#8243;][\/vc_column][\/vc_row][vc_row][vc_column width=\u00bb1\/2&#8243;][\/vc_column][vc_column width=\u00bb1\/2&#8243;][vc_row_inner equal_height=\u00bbyes\u00bb content_placement=\u00bbmiddle\u00bb][vc_column_inner css=\u00bb.vc_custom_1676493721077{padding-left: 30px !important;}\u00bb][\/vc_column_inner][\/vc_row_inner][\/vc_column][\/vc_row]\" \/>\n<meta property=\"og:url\" content=\"https:\/\/www.invian.net\/es\/marketplace-mercadooh\/\" \/>\n<meta property=\"og:site_name\" content=\"Invian\" \/>\n<meta property=\"article:publisher\" content=\"https:\/\/www.facebook.com\/invian.net\" \/>\n<meta property=\"article:modified_time\" content=\"2024-04-05T18:27:12+00:00\" \/>\n<meta name=\"twitter:card\" content=\"summary_large_image\" \/>\n<script type=\"application\/ld+json\" class=\"yoast-schema-graph\">{\"@context\":\"https:\\\/\\\/schema.org\",\"@graph\":[{\"@type\":\"WebPage\",\"@id\":\"https:\\\/\\\/www.invian.net\\\/es\\\/marketplace-mercadooh\\\/\",\"url\":\"https:\\\/\\\/www.invian.net\\\/es\\\/marketplace-mercadooh\\\/\",\"name\":\"Marketplace MercaDOOH - Invian\",\"isPartOf\":{\"@id\":\"https:\\\/\\\/www.invian.net\\\/es\\\/#website\"},\"datePublished\":\"2020-05-28T07:02:16+00:00\",\"dateModified\":\"2024-04-05T18:27:12+00:00\",\"breadcrumb\":{\"@id\":\"https:\\\/\\\/www.invian.net\\\/es\\\/marketplace-mercadooh\\\/#breadcrumb\"},\"inLanguage\":\"es\",\"potentialAction\":[{\"@type\":\"ReadAction\",\"target\":[\"https:\\\/\\\/www.invian.net\\\/es\\\/marketplace-mercadooh\\\/\"]}]},{\"@type\":\"BreadcrumbList\",\"@id\":\"https:\\\/\\\/www.invian.net\\\/es\\\/marketplace-mercadooh\\\/#breadcrumb\",\"itemListElement\":[{\"@type\":\"ListItem\",\"position\":1,\"name\":\"Home\",\"item\":\"https:\\\/\\\/www.invian.net\\\/es\\\/\"},{\"@type\":\"ListItem\",\"position\":2,\"name\":\"Marketplace MercaDOOH\"}]},{\"@type\":\"WebSite\",\"@id\":\"https:\\\/\\\/www.invian.net\\\/es\\\/#website\",\"url\":\"https:\\\/\\\/www.invian.net\\\/es\\\/\",\"name\":\"Invian \u2013 Smart OOH Systems\",\"description\":\"Smart OOH Systems\",\"publisher\":{\"@id\":\"https:\\\/\\\/www.invian.net\\\/es\\\/#organization\"},\"alternateName\":\"Invian\",\"potentialAction\":[{\"@type\":\"SearchAction\",\"target\":{\"@type\":\"EntryPoint\",\"urlTemplate\":\"https:\\\/\\\/www.invian.net\\\/es\\\/?s={search_term_string}\"},\"query-input\":{\"@type\":\"PropertyValueSpecification\",\"valueRequired\":true,\"valueName\":\"search_term_string\"}}],\"inLanguage\":\"es\"},{\"@type\":\"Organization\",\"@id\":\"https:\\\/\\\/www.invian.net\\\/es\\\/#organization\",\"name\":\"Invian \u2013 Smart OOH Systems\",\"alternateName\":\"Invian\",\"url\":\"https:\\\/\\\/www.invian.net\\\/es\\\/\",\"logo\":{\"@type\":\"ImageObject\",\"inLanguage\":\"es\",\"@id\":\"https:\\\/\\\/www.invian.net\\\/es\\\/#\\\/schema\\\/logo\\\/image\\\/\",\"url\":\"https:\\\/\\\/www.invian.net\\\/es\\\/wp-content\\\/uploads\\\/2023\\\/02\\\/LOGO-Color-en-positivo.svg\",\"contentUrl\":\"https:\\\/\\\/www.invian.net\\\/es\\\/wp-content\\\/uploads\\\/2023\\\/02\\\/LOGO-Color-en-positivo.svg\",\"width\":\"1024\",\"height\":\"1024\",\"caption\":\"Invian \u2013 Smart OOH Systems\"},\"image\":{\"@id\":\"https:\\\/\\\/www.invian.net\\\/es\\\/#\\\/schema\\\/logo\\\/image\\\/\"},\"sameAs\":[\"https:\\\/\\\/www.facebook.com\\\/invian.net\",\"https:\\\/\\\/www.linkedin.com\\\/company\\\/invian\\\/mycompany\\\/\",\"https:\\\/\\\/www.instagram.com\\\/invianinternational\\\/\"]}]}<\/script>\n<!-- \/ Yoast SEO plugin. -->","yoast_head_json":{"title":"Marketplace MercaDOOH - Invian","robots":{"index":"index","follow":"follow","max-snippet":"max-snippet:-1","max-image-preview":"max-image-preview:large","max-video-preview":"max-video-preview:-1"},"canonical":"https:\/\/www.invian.net\/es\/marketplace-mercadooh\/","og_locale":"es_ES","og_type":"article","og_title":"Marketplace MercaDOOH - Invian","og_description":"[vc_row canvas=\u00bb%5B%7B%22element%22%3A%22morphin%22%2C%22shape%22%3A%22shape-4%22%2C%22image_effect%22%3A%22style-1%22%2C%22smoothness%22%3A%2230%22%2C%22class%22%3A%22index1%20rev-item%20ri5%22%7D%2C%7B%22element%22%3A%22image%22%2C%22shape%22%3A%22shape-1%22%2C%22image%22%3A%223788%22%2C%22image_width%22%3A%2245%25%22%2C%22image_post_top%22%3A%2215%25%22%2C%22image_post_right%22%3A%220%25%22%2C%22image_effect%22%3A%22style-1%22%2C%22smoothness%22%3A%2230%22%2C%22class%22%3A%22rev-item%20ri6%20index1%22%7D%5D\u00bb el_class=\u00bbfirst-row\u00bb][vc_column][\/vc_column][\/vc_row][vc_row][vc_column width=\u00bb1\/2&#8243;][\/vc_column][vc_column width=\u00bb1\/2&#8243;][vc_row_inner equal_height=\u00bbyes\u00bb content_placement=\u00bbmiddle\u00bb][vc_column_inner css=\u00bb.vc_custom_1676493721077{padding-left: 30px !important;}\u00bb][\/vc_column_inner][\/vc_row_inner][\/vc_column][\/vc_row][vc_row canvas=\u00bb%5B%7B%22shape%22%3A%22shape-1%22%2C%22image_effect%22%3A%22style-1%22%2C%22smoothness%22%3A%2230%22%7D%5D\u00bb el_class=\u00bbinverse-responsive\u00bb][vc_column width=\u00bb1\/2&#8243;][vc_row_inner equal_height=\u00bbyes\u00bb content_placement=\u00bbmiddle\u00bb][vc_column_inner css=\u00bb.vc_custom_1676493721077{padding-left: 30px !important;}\u00bb][\/vc_column_inner][\/vc_row_inner][\/vc_column][vc_column width=\u00bb1\/2&#8243;][\/vc_column][\/vc_row][vc_row][vc_column width=\u00bb1\/2&#8243;][\/vc_column][vc_column width=\u00bb1\/2&#8243;][vc_row_inner equal_height=\u00bbyes\u00bb content_placement=\u00bbmiddle\u00bb][vc_column_inner css=\u00bb.vc_custom_1676493721077{padding-left: 30px !important;}\u00bb][\/vc_column_inner][\/vc_row_inner][\/vc_column][\/vc_row]","og_url":"https:\/\/www.invian.net\/es\/marketplace-mercadooh\/","og_site_name":"Invian","article_publisher":"https:\/\/www.facebook.com\/invian.net","article_modified_time":"2024-04-05T18:27:12+00:00","twitter_card":"summary_large_image","schema":{"@context":"https:\/\/schema.org","@graph":[{"@type":"WebPage","@id":"https:\/\/www.invian.net\/es\/marketplace-mercadooh\/","url":"https:\/\/www.invian.net\/es\/marketplace-mercadooh\/","name":"Marketplace MercaDOOH - Invian","isPartOf":{"@id":"https:\/\/www.invian.net\/es\/#website"},"datePublished":"2020-05-28T07:02:16+00:00","dateModified":"2024-04-05T18:27:12+00:00","breadcrumb":{"@id":"https:\/\/www.invian.net\/es\/marketplace-mercadooh\/#breadcrumb"},"inLanguage":"es","potentialAction":[{"@type":"ReadAction","target":["https:\/\/www.invian.net\/es\/marketplace-mercadooh\/"]}]},{"@type":"BreadcrumbList","@id":"https:\/\/www.invian.net\/es\/marketplace-mercadooh\/#breadcrumb","itemListElement":[{"@type":"ListItem","position":1,"name":"Home","item":"https:\/\/www.invian.net\/es\/"},{"@type":"ListItem","position":2,"name":"Marketplace MercaDOOH"}]},{"@type":"WebSite","@id":"https:\/\/www.invian.net\/es\/#website","url":"https:\/\/www.invian.net\/es\/","name":"Invian \u2013 Smart OOH Systems","description":"Smart OOH Systems","publisher":{"@id":"https:\/\/www.invian.net\/es\/#organization"},"alternateName":"Invian","potentialAction":[{"@type":"SearchAction","target":{"@type":"EntryPoint","urlTemplate":"https:\/\/www.invian.net\/es\/?s={search_term_string}"},"query-input":{"@type":"PropertyValueSpecification","valueRequired":true,"valueName":"search_term_string"}}],"inLanguage":"es"},{"@type":"Organization","@id":"https:\/\/www.invian.net\/es\/#organization","name":"Invian \u2013 Smart OOH Systems","alternateName":"Invian","url":"https:\/\/www.invian.net\/es\/","logo":{"@type":"ImageObject","inLanguage":"es","@id":"https:\/\/www.invian.net\/es\/#\/schema\/logo\/image\/","url":"https:\/\/www.invian.net\/es\/wp-content\/uploads\/2023\/02\/LOGO-Color-en-positivo.svg","contentUrl":"https:\/\/www.invian.net\/es\/wp-content\/uploads\/2023\/02\/LOGO-Color-en-positivo.svg","width":"1024","height":"1024","caption":"Invian \u2013 Smart OOH Systems"},"image":{"@id":"https:\/\/www.invian.net\/es\/#\/schema\/logo\/image\/"},"sameAs":["https:\/\/www.facebook.com\/invian.net","https:\/\/www.linkedin.com\/company\/invian\/mycompany\/","https:\/\/www.instagram.com\/invianinternational\/"]}]}},"meta_box":{"custom_header_logo":false,"logo_width":"","header_style":"","header_background":"","header_extra":"","header_button_extra":"","hide_featured_title":"1","featured_title_bg":[],"custom_featured_title":"","page_layout":"no-sidebar","page_sidebar":"sidebar-page","main_content_bg":"","main_content_bg_img":[],"hide_padding_content":"1","hide_footer":"0","footer_bg":"","footer_bg_img":[],"footer_class":"","bottom_bar_style":"","bottom_bg":"","bottom_class":""},"_links":{"self":[{"href":"https:\/\/www.invian.net\/es\/wp-json\/wp\/v2\/pages\/3087","targetHints":{"allow":["GET"]}}],"collection":[{"href":"https:\/\/www.invian.net\/es\/wp-json\/wp\/v2\/pages"}],"about":[{"href":"https:\/\/www.invian.net\/es\/wp-json\/wp\/v2\/types\/page"}],"author":[{"embeddable":true,"href":"https:\/\/www.invian.net\/es\/wp-json\/wp\/v2\/users\/1"}],"replies":[{"embeddable":true,"href":"https:\/\/www.invian.net\/es\/wp-json\/wp\/v2\/comments?post=3087"}],"version-history":[{"count":44,"href":"https:\/\/www.invian.net\/es\/wp-json\/wp\/v2\/pages\/3087\/revisions"}],"predecessor-version":[{"id":4243,"href":"https:\/\/www.invian.net\/es\/wp-json\/wp\/v2\/pages\/3087\/revisions\/4243"}],"wp:attachment":[{"href":"https:\/\/www.invian.net\/es\/wp-json\/wp\/v2\/media?parent=3087"}],"curies":[{"name":"wp","href":"https:\/\/api.w.org\/{rel}","templated":true}]}}