{"id":3999,"date":"2023-01-06T20:17:54","date_gmt":"2023-01-06T20:17:54","guid":{"rendered":"https:\/\/www.invian.net\/es\/?page_id=3999"},"modified":"2023-06-14T16:37:18","modified_gmt":"2023-06-14T16:37:18","slug":"conditions-of-demo-licence","status":"publish","type":"page","link":"https:\/\/www.invian.net\/es\/conditions-of-demo-licence\/","title":{"rendered":"Condiciones de Licencia Demo"},"content":{"rendered":"<p>[vc_row full_width=\u00bbstretch_row\u00bb canvas=\u00bb%5B%7B%22shape%22%3A%22shape-1%22%2C%22image_effect%22%3A%22style-1%22%2C%22smoothness%22%3A%2230%22%7D%5D\u00bb][vc_column]<div class=\"deeper-spacer clearfix\" data-config='{\"desktop\":95,\"mobile\":75,\"smobile\":55}'><\/div><h5 class=\"deeper-text align-center \" style=\"font-weight:300;margin-bottom:30px;\" ><span>La Licencia Demo de Invian ofrece un per\u00edodo de prueba gratuita de 15 d\u00edas,<br \/>\n<strong>sin tarjeta de cr\u00e9dito y sin contratos<\/strong>. Esta licencia cuenta con tres planes<br \/>\nque se aplican seg\u00fan el volumen del inventario:<\/span>\n<\/h5><div class=\"deeper-spacer clearfix\" data-config='{\"desktop\":50,\"mobile\":40,\"smobile\":30}'><\/div>[\/vc_column][\/vc_row][vc_row full_width=\u00bbstretch_row\u00bb canvas=\u00bb%5B%7B%22shape%22%3A%22shape-1%22%2C%22image_effect%22%3A%22style-1%22%2C%22smoothness%22%3A%2230%22%7D%5D\u00bb css=\u00bb.vc_custom_1686691523120{background-color: #f9f9f9 !important;}\u00bb][vc_column]<div class=\"deeper-spacer clearfix\" data-config='{\"desktop\":60,\"mobile\":60,\"smobile\":60}'><\/div>[vc_row_inner el_class=\u00bbgroup-price-box\u00bb][vc_column_inner el_class=\u00bbcolumn-grey\u00bb offset=\u00bbvc_col-md-4&#8243;]<div class=\"deeper-spacer clearfix\" data-config='{\"desktop\":10,\"mobile\":10,\"smobile\":10}'><\/div><div class=\"deeper-price-box align-center \" style=\"\" >\r\n\t\t\t\t\t<h2 class=\"plan-name \" style=\"font-weight:800;\">Basic<\/h2><div class=\"plan-desc \" style=\"\">Para inventario con menos de 50 pantallas digitales o menos de 500 pantallas est\u00e1ticas<\/div><div class=\"features\" style=\"\"><ul>\n<li><strong>ViiA Live<\/strong><br \/>\nStreaming por c\u00e1maras IP<\/li>\n<li><strong>ViiA Health<\/strong><br \/>\nMonitoreo de recursos<br \/>\ninform\u00e1ticos<\/li>\n<li><strong>ViiA Task<\/strong><br \/>\nGestor de proyectos a trav\u00e9s de<br \/>\n\u00f3rdenes de trabajo<\/li>\n<li><strong>ViiA POP<\/strong><br \/>\nCertificaciones en im\u00e1genes y<br \/>\nvideo, por app y c\u00e1mara IP<\/li>\n<li><strong>MercaDOOH<\/strong><br \/>\nVentas en marketplace y<br \/>\ne-commerce<\/li>\n<li><strong>RepOOHrt<\/strong><br \/>\nCentral de atenci\u00f3n para<br \/>\nanunciantes, con solicitudes y<br \/>\naprobaciones<\/li>\n<\/ul>\n<\/div>\r\n\t\t\t\t\t\r\n\t\t\t\t<\/div><div class=\"deeper-spacer clearfix\" data-config='{\"mobile\":30,\"smobile\":30}'><\/div>[\/vc_column_inner][vc_column_inner el_class=\u00bbcolumn-skyblue\u00bb offset=\u00bbvc_col-md-4&#8243;]<div class=\"deeper-spacer clearfix\" data-config='{\"desktop\":10,\"mobile\":10,\"smobile\":10}'><\/div><div class=\"deeper-price-box align-center \" style=\"\" >\r\n\t\t\t\t\t<h2 class=\"plan-name \" style=\"font-weight:800;\">Business<\/h2><div class=\"plan-desc \" style=\"\">Para inventario con menos de 100 pantallas digitales o menos de 1000 pantallas est\u00e1ticas<\/div><div class=\"features\" style=\"\"><ul>\n<li><strong>ViiA Smart Player <\/strong><br \/>\nGestor de contenidos (CMS)<\/li>\n<li><strong>ViiA Live<\/strong><br \/>\nStreaming por c\u00e1maras IP<\/li>\n<li><strong>ViiA Health<\/strong><br \/>\nMonitoreo de recursos<br \/>\ninform\u00e1ticos<\/li>\n<li><strong>ViiA Task<\/strong><br \/>\nGestor de proyectos a trav\u00e9s de<br \/>\n\u00f3rdenes de trabajo<\/li>\n<li><strong>ViiA POP<\/strong><br \/>\nCertificaciones en im\u00e1genes y<br \/>\nvideo, por app y c\u00e1mara IP<\/li>\n<li><strong>MercaDOOH<\/strong><br \/>\nVentas en marketplace y<br \/>\ne-commerce<\/li>\n<li><strong>RepOOHrt<\/strong><br \/>\nCentral de atenci\u00f3n para<br \/>\nanunciantes, con solicitudes y<br \/>\naprobaciones<\/li>\n<\/ul>\n<\/div>\r\n\t\t\t\t\t\r\n\t\t\t\t<\/div><div class=\"deeper-spacer clearfix\" data-config='{\"mobile\":30,\"smobile\":30}'><\/div>[\/vc_column_inner][vc_column_inner el_class=\u00bbcolumn-blue\u00bb offset=\u00bbvc_col-md-4&#8243;]<div class=\"deeper-spacer clearfix\" data-config='{\"desktop\":10,\"mobile\":10,\"smobile\":10}'><\/div><div class=\"deeper-price-box align-center \" style=\"\" >\r\n\t\t\t\t\t<h2 class=\"plan-name \" style=\"font-weight:800;\">Enterprise<\/h2><div class=\"plan-desc \" style=\"\">Para inventario con m\u00e1s de 100 pantallas digitales o m\u00e1s de 1000 pantallas est\u00e1ticas<\/div><div class=\"features\" style=\"\"><ul>\n<li><strong>ViiA Smart Player <\/strong><br \/>\nGestor de contenidos (CMS) y,<br \/>\nadem\u00e1s, ventas program\u00e1ticas<\/li>\n<li><strong>ViiA Live<\/strong><br \/>\nStreaming por c\u00e1maras IP<\/li>\n<li><strong>ViiA Health<\/strong><br \/>\nMonitoreo de recursos<br \/>\ninform\u00e1ticos<\/li>\n<li><strong>ViiA Task<\/strong><br \/>\nGestor de proyectos a trav\u00e9s de<br \/>\n\u00f3rdenes de trabajo<\/li>\n<li><strong>ViiA POP<\/strong><br \/>\nCertificaciones en im\u00e1genes y<br \/>\nvideo, por app y c\u00e1mara IP<\/li>\n<li><strong>MercaDOOH<\/strong><br \/>\nVentas en marketplace y<br \/>\ne-commerce<\/li>\n<li><strong>RepOOHrt<\/strong><br \/>\nCentral de atenci\u00f3n para<br \/>\nanunciantes, con solicitudes y<br \/>\naprobaciones<\/li>\n<\/ul>\n<\/div>\r\n\t\t\t\t\t\r\n\t\t\t\t<\/div>[\/vc_column_inner][\/vc_row_inner]<div class=\"deeper-spacer clearfix\" data-config='{\"desktop\":100,\"mobile\":80,\"smobile\":60}'><\/div>[\/vc_column][\/vc_row][vc_row][vc_column]<div class=\"deeper-spacer clearfix\" data-config='{\"desktop\":50,\"mobile\":50,\"smobile\":50}'><\/div>[\/vc_column][\/vc_row][vc_row][vc_column width=\u00bb1\/2&#8243;][vc_row_inner equal_height=\u00bbyes\u00bb content_placement=\u00bbmiddle\u00bb][vc_column_inner css=\u00bb.vc_custom_1676493721077{padding-left: 30px !important;}\u00bb]<div class=\"deeper-spacer clearfix\" data-config='{\"desktop\":100,\"mobile\":50,\"smobile\":50}'><\/div><div class=\"deeper-fancy-image reveal  lr \"   data-inviewport=\"yes\">\r\n\t\t\t\t\t\t\t<figure style=\"\"><img decoding=\"async\" alt=\"image\" src=\"https:\/\/www.invian.net\/es\/wp-content\/uploads\/2023\/06\/Web-Invian-Pagina-Condiciones-de-Licencia-Demo.png\" \/> <\/figure>\r\n\t\t\t\t\t\t<\/div><div class=\"deeper-spacer clearfix\" data-config='{\"mobile\":60,\"smobile\":60}'><\/div>[\/vc_column_inner][\/vc_row_inner][\/vc_column][vc_column width=\u00bb1\/2&#8243;]<div class=\"deeper-content-box clearfix ctb-1547296216 wow fadeInUp\" style=\"\" data-config='{\"padding\":\"0 0 0 5%\",\"mobiPadding\":\"0\",\"margin\":\"0\",\"mobiMargin\":\"0\",\"borderStyleHover\":\"solid\"}' data-wow-duration=\"0.75s\" data-wow-delay=\"0.3s\">\r\n\t\t\t\t\t<div class=\"inner \" style=\"\">\r\n\t\t\t\t\t\t<h2 class=\"deeper-text align-left row-title\" style=\"font-size:32px;margin-bottom:10px;\" ><span><strong>\u00bfTienes alguna pregunta?<\/strong><br \/>\n<strong>Estamos aqu\u00ed para ayudarte<\/strong><\/span>\n<\/h2><div class=\"deeper-text align-left row-title\" style=\"font-size:20px;margin-bottom:30px;\" ><span>Consulta sobre los planes de Invian,<br \/>\nimplementaci\u00f3n o cualquier otro tema. Nuestros<br \/>\nexpertos est\u00e1n dispuestos a ayudarte.<\/span>\n<\/div><div class=\"url-wrap  align-left\" >\r\n\t\t\t\t\t\t<a class=\"deeper-button custom big btn-344333888\" style=\"\" href=mailto:info@invian.net data-config='{\"color\":\"#ffffff\",\"bg\":\"#1c3693\",\"padding\":\"15px 25px\",\"rounded\":\"30px 30px 30px 30px\",\"bgHover\":\"#0d68ec\"}'>Cont\u00e1ctanos<span class=\"hover-effect\"><\/span><\/a>\r\n\t\t\t\t\t<\/div>\r\n\t\t\t\t\t<\/div>\r\n\t\t\t\t\t\r\n\t\t\t\t<\/div>[\/vc_column][\/vc_row]<\/p>\n","protected":false},"excerpt":{"rendered":"<p>[vc_row full_width=\u00bbstretch_row\u00bb canvas=\u00bb%5B%7B%22shape%22%3A%22shape-1%22%2C%22image_effect%22%3A%22style-1%22%2C%22smoothness%22%3A%2230%22%7D%5D\u00bb][vc_column][\/vc_column][\/vc_row][vc_row full_width=\u00bbstretch_row\u00bb canvas=\u00bb%5B%7B%22shape%22%3A%22shape-1%22%2C%22image_effect%22%3A%22style-1%22%2C%22smoothness%22%3A%2230%22%7D%5D\u00bb css=\u00bb.vc_custom_1686691523120{background-color: #f9f9f9 !important;}\u00bb][vc_column][vc_row_inner el_class=\u00bbgroup-price-box\u00bb][vc_column_inner el_class=\u00bbcolumn-grey\u00bb offset=\u00bbvc_col-md-4&#8243;][\/vc_column_inner][vc_column_inner el_class=\u00bbcolumn-skyblue\u00bb offset=\u00bbvc_col-md-4&#8243;][\/vc_column_inner][vc_column_inner el_class=\u00bbcolumn-blue\u00bb offset=\u00bbvc_col-md-4&#8243;][\/vc_column_inner][\/vc_row_inner][\/vc_column][\/vc_row][vc_row][vc_column][\/vc_column][\/vc_row][vc_row][vc_column width=\u00bb1\/2&#8243;][vc_row_inner equal_height=\u00bbyes\u00bb content_placement=\u00bbmiddle\u00bb][vc_column_inner css=\u00bb.vc_custom_1676493721077{padding-left: 30px !important;}\u00bb][\/vc_column_inner][\/vc_row_inner][\/vc_column][vc_column width=\u00bb1\/2&#8243;][\/vc_column][\/vc_row]<\/p>\n","protected":false},"author":1,"featured_media":4009,"parent":0,"menu_order":0,"comment_status":"closed","ping_status":"closed","template":"","meta":{"inline_featured_image":false,"footnotes":""},"class_list":["post-3999","page","type-page","status-publish","has-post-thumbnail","hentry"],"acf":[],"yoast_head":"<!-- This site is optimized with the Yoast SEO plugin v27.5 - https:\/\/yoast.com\/product\/yoast-seo-wordpress\/ -->\n<title>Condiciones de Licencia Demo - Invian<\/title>\n<meta name=\"robots\" content=\"index, follow, max-snippet:-1, max-image-preview:large, max-video-preview:-1\" \/>\n<link rel=\"canonical\" href=\"https:\/\/www.invian.net\/es\/conditions-of-demo-licence\/\" \/>\n<meta property=\"og:locale\" content=\"es_ES\" \/>\n<meta property=\"og:type\" content=\"article\" \/>\n<meta property=\"og:title\" content=\"Condiciones de Licencia Demo - Invian\" \/>\n<meta property=\"og:description\" content=\"[vc_row full_width=\u00bbstretch_row\u00bb canvas=\u00bb%5B%7B%22shape%22%3A%22shape-1%22%2C%22image_effect%22%3A%22style-1%22%2C%22smoothness%22%3A%2230%22%7D%5D\u00bb][vc_column][\/vc_column][\/vc_row][vc_row full_width=\u00bbstretch_row\u00bb canvas=\u00bb%5B%7B%22shape%22%3A%22shape-1%22%2C%22image_effect%22%3A%22style-1%22%2C%22smoothness%22%3A%2230%22%7D%5D\u00bb css=\u00bb.vc_custom_1686691523120{background-color: #f9f9f9 !important;}\u00bb][vc_column][vc_row_inner el_class=\u00bbgroup-price-box\u00bb][vc_column_inner el_class=\u00bbcolumn-grey\u00bb offset=\u00bbvc_col-md-4&#8243;][\/vc_column_inner][vc_column_inner el_class=\u00bbcolumn-skyblue\u00bb offset=\u00bbvc_col-md-4&#8243;][\/vc_column_inner][vc_column_inner el_class=\u00bbcolumn-blue\u00bb offset=\u00bbvc_col-md-4&#8243;][\/vc_column_inner][\/vc_row_inner][\/vc_column][\/vc_row][vc_row][vc_column][\/vc_column][\/vc_row][vc_row][vc_column width=\u00bb1\/2&#8243;][vc_row_inner equal_height=\u00bbyes\u00bb content_placement=\u00bbmiddle\u00bb][vc_column_inner css=\u00bb.vc_custom_1676493721077{padding-left: 30px !important;}\u00bb][\/vc_column_inner][\/vc_row_inner][\/vc_column][vc_column width=\u00bb1\/2&#8243;][\/vc_column][\/vc_row]\" \/>\n<meta property=\"og:url\" content=\"https:\/\/www.invian.net\/es\/conditions-of-demo-licence\/\" \/>\n<meta property=\"og:site_name\" content=\"Invian\" \/>\n<meta property=\"article:publisher\" content=\"https:\/\/www.facebook.com\/invian.net\" \/>\n<meta property=\"article:modified_time\" content=\"2023-06-14T16:37:18+00:00\" \/>\n<meta property=\"og:image\" content=\"https:\/\/www.invian.net\/es\/wp-content\/uploads\/2023\/06\/Licencia-Demo-scaled.jpg\" \/>\n\t<meta property=\"og:image:width\" content=\"2560\" \/>\n\t<meta property=\"og:image:height\" content=\"1707\" \/>\n\t<meta property=\"og:image:type\" content=\"image\/jpeg\" \/>\n<meta name=\"twitter:card\" content=\"summary_large_image\" \/>\n<script type=\"application\/ld+json\" class=\"yoast-schema-graph\">{\"@context\":\"https:\\\/\\\/schema.org\",\"@graph\":[{\"@type\":\"WebPage\",\"@id\":\"https:\\\/\\\/www.invian.net\\\/es\\\/conditions-of-demo-licence\\\/\",\"url\":\"https:\\\/\\\/www.invian.net\\\/es\\\/conditions-of-demo-licence\\\/\",\"name\":\"Condiciones de Licencia Demo - Invian\",\"isPartOf\":{\"@id\":\"https:\\\/\\\/www.invian.net\\\/es\\\/#website\"},\"primaryImageOfPage\":{\"@id\":\"https:\\\/\\\/www.invian.net\\\/es\\\/conditions-of-demo-licence\\\/#primaryimage\"},\"image\":{\"@id\":\"https:\\\/\\\/www.invian.net\\\/es\\\/conditions-of-demo-licence\\\/#primaryimage\"},\"thumbnailUrl\":\"https:\\\/\\\/www.invian.net\\\/es\\\/wp-content\\\/uploads\\\/2023\\\/06\\\/Licencia-Demo-scaled.jpg\",\"datePublished\":\"2023-01-06T20:17:54+00:00\",\"dateModified\":\"2023-06-14T16:37:18+00:00\",\"breadcrumb\":{\"@id\":\"https:\\\/\\\/www.invian.net\\\/es\\\/conditions-of-demo-licence\\\/#breadcrumb\"},\"inLanguage\":\"es\",\"potentialAction\":[{\"@type\":\"ReadAction\",\"target\":[\"https:\\\/\\\/www.invian.net\\\/es\\\/conditions-of-demo-licence\\\/\"]}]},{\"@type\":\"ImageObject\",\"inLanguage\":\"es\",\"@id\":\"https:\\\/\\\/www.invian.net\\\/es\\\/conditions-of-demo-licence\\\/#primaryimage\",\"url\":\"https:\\\/\\\/www.invian.net\\\/es\\\/wp-content\\\/uploads\\\/2023\\\/06\\\/Licencia-Demo-scaled.jpg\",\"contentUrl\":\"https:\\\/\\\/www.invian.net\\\/es\\\/wp-content\\\/uploads\\\/2023\\\/06\\\/Licencia-Demo-scaled.jpg\",\"width\":2560,\"height\":1707,\"caption\":\"Business executives discussing with their colleagues on whiteboard during meeting at office\"},{\"@type\":\"BreadcrumbList\",\"@id\":\"https:\\\/\\\/www.invian.net\\\/es\\\/conditions-of-demo-licence\\\/#breadcrumb\",\"itemListElement\":[{\"@type\":\"ListItem\",\"position\":1,\"name\":\"Home\",\"item\":\"https:\\\/\\\/www.invian.net\\\/es\\\/\"},{\"@type\":\"ListItem\",\"position\":2,\"name\":\"Condiciones de Licencia Demo\"}]},{\"@type\":\"WebSite\",\"@id\":\"https:\\\/\\\/www.invian.net\\\/es\\\/#website\",\"url\":\"https:\\\/\\\/www.invian.net\\\/es\\\/\",\"name\":\"Invian \u2013 Smart OOH Systems\",\"description\":\"Smart OOH Systems\",\"publisher\":{\"@id\":\"https:\\\/\\\/www.invian.net\\\/es\\\/#organization\"},\"alternateName\":\"Invian\",\"potentialAction\":[{\"@type\":\"SearchAction\",\"target\":{\"@type\":\"EntryPoint\",\"urlTemplate\":\"https:\\\/\\\/www.invian.net\\\/es\\\/?s={search_term_string}\"},\"query-input\":{\"@type\":\"PropertyValueSpecification\",\"valueRequired\":true,\"valueName\":\"search_term_string\"}}],\"inLanguage\":\"es\"},{\"@type\":\"Organization\",\"@id\":\"https:\\\/\\\/www.invian.net\\\/es\\\/#organization\",\"name\":\"Invian \u2013 Smart OOH Systems\",\"alternateName\":\"Invian\",\"url\":\"https:\\\/\\\/www.invian.net\\\/es\\\/\",\"logo\":{\"@type\":\"ImageObject\",\"inLanguage\":\"es\",\"@id\":\"https:\\\/\\\/www.invian.net\\\/es\\\/#\\\/schema\\\/logo\\\/image\\\/\",\"url\":\"https:\\\/\\\/www.invian.net\\\/es\\\/wp-content\\\/uploads\\\/2023\\\/02\\\/LOGO-Color-en-positivo.svg\",\"contentUrl\":\"https:\\\/\\\/www.invian.net\\\/es\\\/wp-content\\\/uploads\\\/2023\\\/02\\\/LOGO-Color-en-positivo.svg\",\"width\":\"1024\",\"height\":\"1024\",\"caption\":\"Invian \u2013 Smart OOH Systems\"},\"image\":{\"@id\":\"https:\\\/\\\/www.invian.net\\\/es\\\/#\\\/schema\\\/logo\\\/image\\\/\"},\"sameAs\":[\"https:\\\/\\\/www.facebook.com\\\/invian.net\",\"https:\\\/\\\/www.linkedin.com\\\/company\\\/invian\\\/mycompany\\\/\",\"https:\\\/\\\/www.instagram.com\\\/invianinternational\\\/\"]}]}<\/script>\n<!-- \/ Yoast SEO plugin. -->","yoast_head_json":{"title":"Condiciones de Licencia Demo - Invian","robots":{"index":"index","follow":"follow","max-snippet":"max-snippet:-1","max-image-preview":"max-image-preview:large","max-video-preview":"max-video-preview:-1"},"canonical":"https:\/\/www.invian.net\/es\/conditions-of-demo-licence\/","og_locale":"es_ES","og_type":"article","og_title":"Condiciones de Licencia Demo - Invian","og_description":"[vc_row full_width=\u00bbstretch_row\u00bb canvas=\u00bb%5B%7B%22shape%22%3A%22shape-1%22%2C%22image_effect%22%3A%22style-1%22%2C%22smoothness%22%3A%2230%22%7D%5D\u00bb][vc_column][\/vc_column][\/vc_row][vc_row full_width=\u00bbstretch_row\u00bb canvas=\u00bb%5B%7B%22shape%22%3A%22shape-1%22%2C%22image_effect%22%3A%22style-1%22%2C%22smoothness%22%3A%2230%22%7D%5D\u00bb css=\u00bb.vc_custom_1686691523120{background-color: #f9f9f9 !important;}\u00bb][vc_column][vc_row_inner el_class=\u00bbgroup-price-box\u00bb][vc_column_inner el_class=\u00bbcolumn-grey\u00bb offset=\u00bbvc_col-md-4&#8243;][\/vc_column_inner][vc_column_inner el_class=\u00bbcolumn-skyblue\u00bb offset=\u00bbvc_col-md-4&#8243;][\/vc_column_inner][vc_column_inner el_class=\u00bbcolumn-blue\u00bb offset=\u00bbvc_col-md-4&#8243;][\/vc_column_inner][\/vc_row_inner][\/vc_column][\/vc_row][vc_row][vc_column][\/vc_column][\/vc_row][vc_row][vc_column width=\u00bb1\/2&#8243;][vc_row_inner equal_height=\u00bbyes\u00bb content_placement=\u00bbmiddle\u00bb][vc_column_inner css=\u00bb.vc_custom_1676493721077{padding-left: 30px !important;}\u00bb][\/vc_column_inner][\/vc_row_inner][\/vc_column][vc_column width=\u00bb1\/2&#8243;][\/vc_column][\/vc_row]","og_url":"https:\/\/www.invian.net\/es\/conditions-of-demo-licence\/","og_site_name":"Invian","article_publisher":"https:\/\/www.facebook.com\/invian.net","article_modified_time":"2023-06-14T16:37:18+00:00","og_image":[{"width":2560,"height":1707,"url":"https:\/\/www.invian.net\/es\/wp-content\/uploads\/2023\/06\/Licencia-Demo-scaled.jpg","type":"image\/jpeg"}],"twitter_card":"summary_large_image","schema":{"@context":"https:\/\/schema.org","@graph":[{"@type":"WebPage","@id":"https:\/\/www.invian.net\/es\/conditions-of-demo-licence\/","url":"https:\/\/www.invian.net\/es\/conditions-of-demo-licence\/","name":"Condiciones de Licencia Demo - Invian","isPartOf":{"@id":"https:\/\/www.invian.net\/es\/#website"},"primaryImageOfPage":{"@id":"https:\/\/www.invian.net\/es\/conditions-of-demo-licence\/#primaryimage"},"image":{"@id":"https:\/\/www.invian.net\/es\/conditions-of-demo-licence\/#primaryimage"},"thumbnailUrl":"https:\/\/www.invian.net\/es\/wp-content\/uploads\/2023\/06\/Licencia-Demo-scaled.jpg","datePublished":"2023-01-06T20:17:54+00:00","dateModified":"2023-06-14T16:37:18+00:00","breadcrumb":{"@id":"https:\/\/www.invian.net\/es\/conditions-of-demo-licence\/#breadcrumb"},"inLanguage":"es","potentialAction":[{"@type":"ReadAction","target":["https:\/\/www.invian.net\/es\/conditions-of-demo-licence\/"]}]},{"@type":"ImageObject","inLanguage":"es","@id":"https:\/\/www.invian.net\/es\/conditions-of-demo-licence\/#primaryimage","url":"https:\/\/www.invian.net\/es\/wp-content\/uploads\/2023\/06\/Licencia-Demo-scaled.jpg","contentUrl":"https:\/\/www.invian.net\/es\/wp-content\/uploads\/2023\/06\/Licencia-Demo-scaled.jpg","width":2560,"height":1707,"caption":"Business executives discussing with their colleagues on whiteboard during meeting at office"},{"@type":"BreadcrumbList","@id":"https:\/\/www.invian.net\/es\/conditions-of-demo-licence\/#breadcrumb","itemListElement":[{"@type":"ListItem","position":1,"name":"Home","item":"https:\/\/www.invian.net\/es\/"},{"@type":"ListItem","position":2,"name":"Condiciones de Licencia Demo"}]},{"@type":"WebSite","@id":"https:\/\/www.invian.net\/es\/#website","url":"https:\/\/www.invian.net\/es\/","name":"Invian \u2013 Smart OOH Systems","description":"Smart OOH Systems","publisher":{"@id":"https:\/\/www.invian.net\/es\/#organization"},"alternateName":"Invian","potentialAction":[{"@type":"SearchAction","target":{"@type":"EntryPoint","urlTemplate":"https:\/\/www.invian.net\/es\/?s={search_term_string}"},"query-input":{"@type":"PropertyValueSpecification","valueRequired":true,"valueName":"search_term_string"}}],"inLanguage":"es"},{"@type":"Organization","@id":"https:\/\/www.invian.net\/es\/#organization","name":"Invian \u2013 Smart OOH Systems","alternateName":"Invian","url":"https:\/\/www.invian.net\/es\/","logo":{"@type":"ImageObject","inLanguage":"es","@id":"https:\/\/www.invian.net\/es\/#\/schema\/logo\/image\/","url":"https:\/\/www.invian.net\/es\/wp-content\/uploads\/2023\/02\/LOGO-Color-en-positivo.svg","contentUrl":"https:\/\/www.invian.net\/es\/wp-content\/uploads\/2023\/02\/LOGO-Color-en-positivo.svg","width":"1024","height":"1024","caption":"Invian \u2013 Smart OOH Systems"},"image":{"@id":"https:\/\/www.invian.net\/es\/#\/schema\/logo\/image\/"},"sameAs":["https:\/\/www.facebook.com\/invian.net","https:\/\/www.linkedin.com\/company\/invian\/mycompany\/","https:\/\/www.instagram.com\/invianinternational\/"]}]}},"meta_box":{"custom_header_logo":false,"logo_width":"","header_style":"","header_background":"","header_extra":"","header_button_extra":"","hide_featured_title":"0","featured_title_bg":[],"custom_featured_title":"","page_layout":"no-sidebar","page_sidebar":"sidebar-page","main_content_bg":"","main_content_bg_img":[],"hide_padding_content":"0","hide_footer":"0","footer_bg":"","footer_bg_img":[],"footer_class":"","bottom_bar_style":"","bottom_bg":"","bottom_class":""},"_links":{"self":[{"href":"https:\/\/www.invian.net\/es\/wp-json\/wp\/v2\/pages\/3999","targetHints":{"allow":["GET"]}}],"collection":[{"href":"https:\/\/www.invian.net\/es\/wp-json\/wp\/v2\/pages"}],"about":[{"href":"https:\/\/www.invian.net\/es\/wp-json\/wp\/v2\/types\/page"}],"author":[{"embeddable":true,"href":"https:\/\/www.invian.net\/es\/wp-json\/wp\/v2\/users\/1"}],"replies":[{"embeddable":true,"href":"https:\/\/www.invian.net\/es\/wp-json\/wp\/v2\/comments?post=3999"}],"version-history":[{"count":9,"href":"https:\/\/www.invian.net\/es\/wp-json\/wp\/v2\/pages\/3999\/revisions"}],"predecessor-version":[{"id":4010,"href":"https:\/\/www.invian.net\/es\/wp-json\/wp\/v2\/pages\/3999\/revisions\/4010"}],"wp:featuredmedia":[{"embeddable":true,"href":"https:\/\/www.invian.net\/es\/wp-json\/wp\/v2\/media\/4009"}],"wp:attachment":[{"href":"https:\/\/www.invian.net\/es\/wp-json\/wp\/v2\/media?parent=3999"}],"curies":[{"name":"wp","href":"https:\/\/api.w.org\/{rel}","templated":true}]}}