{"id":3157,"date":"2020-05-28T07:02:16","date_gmt":"2020-05-28T07:02:16","guid":{"rendered":"https:\/\/dev2.invian.net\/?page_id=3157"},"modified":"2024-02-22T15:43:57","modified_gmt":"2024-02-22T15:43:57","slug":"internal-processes","status":"publish","type":"page","link":"https:\/\/www.invian.net\/pt\/internal-processes\/","title":{"rendered":"Processos Internos"},"content":{"rendered":"<p>[vc_row canvas=&#8221;%5B%7B%22element%22%3A%22morphin%22%2C%22shape%22%3A%22shape-4%22%2C%22image_effect%22%3A%22style-1%22%2C%22smoothness%22%3A%2230%22%2C%22class%22%3A%22index1%20rev-item%20ri5%22%7D%2C%7B%22element%22%3A%22image%22%2C%22shape%22%3A%22shape-1%22%2C%22image%22%3A%223310%22%2C%22image_width%22%3A%2260%25%22%2C%22image_post_top%22%3A%2215%25%22%2C%22image_post_right%22%3A%220%25%22%2C%22image_effect%22%3A%22style-1%22%2C%22smoothness%22%3A%2230%22%2C%22class%22%3A%22rev-item%20ri6%20index1%22%7D%5D&#8221; el_class=&#8221;first-row&#8221;][vc_column]\n\t\t\t<!-- START Procesos Internos REVOLUTION SLIDER 6.5.31 --><p class=\"rs-p-wp-fix\"><\/p>\n\t\t\t<rs-module-wrap id=\"rev_slider_28_1_wrapper\" data-source=\"gallery\" style=\"visibility:hidden;background:transparent;padding:0;margin:0px auto;margin-top:0;margin-bottom:0;\">\n\t\t\t\t<rs-module id=\"rev_slider_28_1\" style=\"\" data-version=\"6.5.31\">\n\t\t\t\t\t<rs-slides>\n\t\t\t\t\t\t<rs-slide style=\"position: absolute;\" data-key=\"rs-28\" data-title=\"Slide\" data-in=\"o:0;\" data-out=\"a:false;\">\n\t\t\t\t\t\t\t<img decoding=\"async\" src=\"\/\/www.invian.net\/pt\/wp-content\/plugins\/revslider\/public\/assets\/assets\/dummy.png\" alt=\"Slide\" title=\"Processos Internos\" class=\"rev-slidebg tp-rs-img rs-lazyload\" data-lazyload=\"\/\/www.invian.net\/pt\/wp-content\/plugins\/revslider\/public\/assets\/assets\/transparent.png\" data-bg=\"c:#ffffff;\" data-no-retina>\n<!--\n\t\t\t\t\t\t\t--><rs-layer\n\t\t\t\t\t\t\t\tid=\"slider-28-slide-28-layer-2\" \n\t\t\t\t\t\t\t\tclass=\"title-page\"\n\t\t\t\t\t\t\t\tdata-type=\"text\"\n\t\t\t\t\t\t\t\tdata-color=\"#000000\"\n\t\t\t\t\t\t\t\tdata-rsp_ch=\"on\"\n\t\t\t\t\t\t\t\tdata-xy=\"xo:15px,32px,46px,52px;y:m;yo:-186px,-148px,-54px,-20px;\"\n\t\t\t\t\t\t\t\tdata-text=\"w:normal;s:45,55,48,40;l:50,71,72,50;fw:200;\"\n\t\t\t\t\t\t\t\tdata-dim=\"w:570px,570px,430px,360px;\"\n\t\t\t\t\t\t\t\tdata-frame_0=\"y:50,42,31,19;\"\n\t\t\t\t\t\t\t\tdata-frame_1=\"sp:1000;\"\n\t\t\t\t\t\t\t\tdata-frame_999=\"o:0;st:w;\"\n\t\t\t\t\t\t\t\tstyle=\"z-index:7;font-family:'Poppins';\"\n\t\t\t\t\t\t\t>Processos<br \/>\n<strong>Internos<\/strong> \n\t\t\t\t\t\t\t<\/rs-layer><!--\n\n\t\t\t\t\t\t\t--><rs-layer\n\t\t\t\t\t\t\t\tid=\"slider-28-slide-28-layer-3\" \n\t\t\t\t\t\t\t\tclass=\"subtitle-page\"\n\t\t\t\t\t\t\t\tdata-type=\"text\"\n\t\t\t\t\t\t\t\tdata-color=\"#000000\"\n\t\t\t\t\t\t\t\tdata-xy=\"xo:15px,32px,46px,52px;y:m;yo:-73px,24px,145px,130px;\"\n\t\t\t\t\t\t\t\tdata-text=\"w:normal;s:18,24,20,18;l:30,45,38,28;\"\n\t\t\t\t\t\t\t\tdata-dim=\"w:500px,480px,320px,280px;\"\n\t\t\t\t\t\t\t\tdata-rsp_bd=\"off\"\n\t\t\t\t\t\t\t\tdata-frame_0=\"y:50,42,31,19;\"\n\t\t\t\t\t\t\t\tdata-frame_1=\"st:500;sp:1000;\"\n\t\t\t\t\t\t\t\tdata-frame_999=\"o:0;st:w;\"\n\t\t\t\t\t\t\t\tstyle=\"z-index:8;font-family:'Poppins';\"\n\t\t\t\t\t\t\t>Organize os processos operacionais e comerciais em um \u00fanico fluxo de trabalho, garantindo o rastreamento em tempo real do seu invent\u00e1rio. \n\t\t\t\t\t\t\t<\/rs-layer><!--\n\n\t\t\t\t\t\t\t--><a\n\t\t\t\t\t\t\t\tid=\"slider-28-slide-28-layer-4\" \n\t\t\t\t\t\t\t\tclass=\"rs-layer demobutton-page button-header rev-btn\"\n\t\t\t\t\t\t\t\thref=\"\/pt\/get-a-free-demo\" target=\"_self\" rel=\"nofollow\"\n\t\t\t\t\t\t\t\tdata-type=\"button\"\n\t\t\t\t\t\t\t\tdata-xy=\"xo:15px,32px,46px,52px;y:m;yo:29px,169px,323px,251px;\"\n\t\t\t\t\t\t\t\tdata-text=\"w:normal;s:16,18,18,18;l:20,30,30,30;fw:600;\"\n\t\t\t\t\t\t\t\tdata-dim=\"minh:0px,none,none,none;\"\n\t\t\t\t\t\t\t\tdata-rsp_bd=\"off\"\n\t\t\t\t\t\t\t\tdata-padding=\"t:10,9,7,4;r:20,17,13,8;b:10,9,7,4;l:20,17,13,8;\"\n\t\t\t\t\t\t\t\tdata-border=\"bor:60px,60px,60px,60px;\"\n\t\t\t\t\t\t\t\tdata-frame_0=\"y:50,42,31,19;\"\n\t\t\t\t\t\t\t\tdata-frame_1=\"st:1000;sp:1000;\"\n\t\t\t\t\t\t\t\tdata-frame_999=\"o:0;st:w;\"\n\t\t\t\t\t\t\t\tdata-frame_hover=\"bgc:linear-gradient(rgba(13,104,236,1) 0%, rgba(13,104,236,1) 100%);bor:60px,60px,60px,60px;sp:100;e:power1.inOut;bri:100%;\"\n\t\t\t\t\t\t\t\tstyle=\"z-index:9;background:linear-gradient(90deg, rgba(28,54,147,1) 0%, rgba(28,54,147,1) 100%);font-family:'Poppins';\"\n\t\t\t\t\t\t\t>Obter Demo<br \/>\nGratuita \n\t\t\t\t\t\t\t<\/a><!--\n-->\t\t\t\t\t\t<\/rs-slide>\n\t\t\t\t\t<\/rs-slides>\n\t\t\t\t<\/rs-module>\n\t\t\t\t<script>\n\t\t\t\t\tsetREVStartSize({c: 'rev_slider_28_1',rl:[1240,1024,778,480],el:[800,960,860,600],gw:[1200,1024,778,480],gh:[800,960,600,600],type:'standard',justify:'',layout:'fullwidth',mh:\"0\"});if (window.RS_MODULES!==undefined && window.RS_MODULES.modules!==undefined && window.RS_MODULES.modules[\"revslider281\"]!==undefined) {window.RS_MODULES.modules[\"revslider281\"].once = false;window.revapi28 = undefined;if (window.RS_MODULES.checkMinimal!==undefined) window.RS_MODULES.checkMinimal()}\n\t\t\t\t<\/script>\n\t\t\t<\/rs-module-wrap>\n\t\t\t<!-- END REVOLUTION SLIDER -->\n[\/vc_column][\/vc_row][vc_row][vc_column]<div class=\"deeper-spacer clearfix\" data-config='{\"desktop\":40,\"mobile\":80,\"smobile\":80}'><\/div>[\/vc_column][\/vc_row][vc_row canvas=&#8221;%5B%7B%22shape%22%3A%22shape-1%22%2C%22image_effect%22%3A%22style-1%22%2C%22smoothness%22%3A%2230%22%7D%5D&#8221; el_class=&#8221;accordion-effect&#8221;][vc_column width=&#8221;1\/2&#8243;]<div class=\"deeper-content-box clearfix ctb-1187763695 wow fadeIn\" style=\"\" data-config='{\"padding\":\"0 0 0 100px\",\"mobiPadding\":\"0 0 0 0px\",\"margin\":\"0\",\"mobiMargin\":\"0\",\"borderStyleHover\":\"solid\"}' data-wow-duration=\"0.75s\" data-wow-delay=\"0.3s\">\r\n\t\t\t\t\t<div class=\"inner \" style=\"\">\r\n\t\t\t\t\t\t<h2 class=\"deeper-text align-left \" style=\"font-size:36px;margin-bottom:0px;\" ><span>Encontre<br \/>\n<strong>a melhor solu\u00e7\u00e3o<\/strong><br \/>\n<strong>para a sua equipe<\/strong><\/span>\n<\/h2><div class=\"deeper-spacer clearfix\" data-config='{\"desktop\":20,\"mobile\":20,\"smobile\":20}'><\/div><div class=\"deeper-text align-left \" style=\"margin-bottom:0px;\" ><span>Solicite uma demonstra\u00e7\u00e3o gratuita de 15 dias<\/span>\n<\/div><div class=\"deeper-spacer clearfix\" data-config='{\"desktop\":60,\"mobile\":50,\"smobile\":40}'><\/div><div class=\"deeper-fancy-image simple  image-destiny\" style=\"\" >\r\n\t\t\t\t\t\t\t<img decoding=\"async\" alt=\"image\" src=\"https:\/\/www.invian.net\/pt\/wp-content\/uploads\/2023\/04\/trans.png\" \/> \r\n\t\t\t\t\t\t<\/div>\r\n\t\t\t\t\t<\/div>\r\n\t\t\t\t\t\r\n\t\t\t\t<\/div>[\/vc_column][vc_column width=&#8221;1\/2&#8243;]\n\t\t\t<div class=\"deeper-testimonial-box style-10 align-center \" >\n\t\t\t\t\n\t\t\t\t\t\t<div class=\"texts\" style=\"\">\n\t\t\t\t\t\t<h3 class=\"title \" style=\"\">\n\t\t\t\t\tViiA Screen\n\t\t\t\t<\/h3><div class=\"comment\" style=\"\">\n\t\t\t\t\t<p>Me\u00e7a a disponibilidade operacional e confiabilidade de sua rede digital, e me\u00e7a os tempos de resposta de sua equipe.<\/p>\n<ul>\n<li>Detecte falhas de m\u00f3dulo, cores est\u00e1ticas, telas congeladas ou desligadas.<\/li>\n<li>Registre os incidentes com capturas de imagens geradas pela c\u00e2mera IP.<\/li>\n<li>Notifica automaticamente a equipe t\u00e9cnica designada, por meio do nosso aplicativo m\u00f3vel ou por e-mail.<\/li>\n<li>Gere relat\u00f3rios que medem os tempos de resposta a incidentes e a disponibilidade e confiabilidade de telas e equipamentos t\u00e9cnicos.<\/li>\n<\/ul>\n\n\t\t\t\t<\/div><div class=\"rating\">\n\t\t\t\t\t\t<img decoding=\"async\" style =\"\" src=\"https:\/\/www.invian.net\/pt\/wp-content\/uploads\/2023\/03\/ViiA-Screen.webp\" alt=\"Star\">\n\t\t\t\t\t<\/div>\t\t\t\t\t\t<\/div><!-- \/.texts -->\n\n\t\t\t\t\t\t<div class=\"author-info\">\n\t\t\t\t\t\t\t\t\t\t\t\t\t\t\t<\/div><!-- \/.author-info -->\n\t\t\t\t\t\t\t\t\t<\/div><!-- \/.deeper-testimonial-box -->\n\n\t\t\t\n\t\t\t<div class=\"deeper-testimonial-box style-10 align-center \" >\n\t\t\t\t\n\t\t\t\t\t\t<div class=\"texts\" style=\"\">\n\t\t\t\t\t\t<h3 class=\"title \" style=\"\">\n\t\t\t\t\tViiA Health\n\t\t\t\t<\/h3><div class=\"comment\" style=\"\">\n\t\t\t\t\t<p>Gerencie remotamente todos os seus recursos de TI e centralize as informa\u00e7\u00f5es de seu invent\u00e1rio digital.<\/p>\n<ul>\n<li>Verifique o status de seus recursos de TI, como processamento, RAM, armazenamento ou temperatura.<\/li>\n<li>Gerencie listas de aplicativos que devem ou n\u00e3o ser executados e gere a\u00e7\u00f5es autom\u00e1ticas quando for detectada atividade n\u00e3o autorizada.<\/li>\n<li>Fortale\u00e7a o controle de acesso com uma camada adicional de seguran\u00e7a para complementar os aplicativos de controle remoto.<\/li>\n<\/ul>\n\n\t\t\t\t<\/div><div class=\"rating\">\n\t\t\t\t\t\t<img decoding=\"async\" style =\"\" src=\"https:\/\/www.invian.net\/pt\/wp-content\/uploads\/2023\/03\/ViiA-Health.webp\" alt=\"Star\">\n\t\t\t\t\t<\/div>\t\t\t\t\t\t<\/div><!-- \/.texts -->\n\n\t\t\t\t\t\t<div class=\"author-info\">\n\t\t\t\t\t\t\t\t\t\t\t\t\t\t\t<\/div><!-- \/.author-info -->\n\t\t\t\t\t\t\t\t\t<\/div><!-- \/.deeper-testimonial-box -->\n\n\t\t\t\n\t\t\t<div class=\"deeper-testimonial-box style-10 align-center \" >\n\t\t\t\t\n\t\t\t\t\t\t<div class=\"texts\" style=\"\">\n\t\t\t\t\t\t<h3 class=\"title \" style=\"\">\n\t\t\t\t\tViiA Task\n\t\t\t\t<\/h3><div class=\"comment\" style=\"\">\n\t\t\t\t\t<p>Centralize os fluxos de trabalho e aumente a produtividade da sua equipe operacional, por meio de um gerenciador de projetos desenvolvido exclusivamente por e para empresas de OOH.<\/p>\n<ul>\n<li>Planeje a disponibilidade do seu invent\u00e1rio est\u00e1tico e digital.<\/li>\n<li>Centralize o trabalho comercial e operacional em um mesmo ecossistema.<\/li>\n<li>Gerencie a distribui\u00e7\u00e3o de conte\u00fado por meio de ordens de servi\u00e7o e rotas.<\/li>\n<li>Acompanhe o custo operacional de seu invent\u00e1rio.<\/li>\n<li>F\u00e1cil integra\u00e7\u00e3o com ferramentas de comprova\u00e7\u00e3o de postagem (POP).<\/li>\n<\/ul>\n\n\t\t\t\t<\/div><div class=\"rating\">\n\t\t\t\t\t\t<img decoding=\"async\" style =\"\" src=\"https:\/\/www.invian.net\/pt\/wp-content\/uploads\/2023\/03\/ViiA-Task.webp\" alt=\"Star\">\n\t\t\t\t\t<\/div>\t\t\t\t\t\t<\/div><!-- \/.texts -->\n\n\t\t\t\t\t\t<div class=\"author-info\">\n\t\t\t\t\t\t\t\t\t\t\t\t\t\t\t<\/div><!-- \/.author-info -->\n\t\t\t\t\t\t\t\t\t<\/div><!-- \/.deeper-testimonial-box -->\n\n\t\t\t\n\t\t\t<div class=\"deeper-testimonial-box style-10 align-center \" >\n\t\t\t\t\n\t\t\t\t\t\t<div class=\"texts\" style=\"\">\n\t\t\t\t\t\t<h3 class=\"title \" style=\"\">\n\t\t\t\t\tViiA Board\n\t\t\t\t<\/h3><div class=\"comment\" style=\"\">\n\t\t\t\t\t<p>Ofere\u00e7a aos seus clientes um servi\u00e7o completo em seu invent\u00e1rio est\u00e1tico: desde a cria\u00e7\u00e3o e distribui\u00e7\u00e3o de campanhas at\u00e9 a instala\u00e7\u00e3o e revis\u00e3o de relat\u00f3rios auditados.<\/p>\n<ul>\n<li>Gerencie a disponibilidade atrav\u00e9s per\u00edodos de tempo.<\/li>\n<li>Evite colis\u00f5es entre anunciantes.<\/li>\n<li>Gerencie restri\u00e7\u00f5es em seu invent\u00e1rio est\u00e1tico.<\/li>\n<li>Gerencie a instala\u00e7\u00e3o e a desinstala\u00e7\u00e3o de cartazes.<\/li>\n<li>F\u00e1cil integra\u00e7\u00e3o com ferramentas de comprova\u00e7\u00e3o de postagem (POP).<\/li>\n<\/ul>\n\n\t\t\t\t<\/div><div class=\"rating\">\n\t\t\t\t\t\t<img decoding=\"async\" style =\"\" src=\"https:\/\/www.invian.net\/pt\/wp-content\/uploads\/2023\/03\/ViiA-Board.webp\" alt=\"Star\">\n\t\t\t\t\t<\/div>\t\t\t\t\t\t<\/div><!-- \/.texts -->\n\n\t\t\t\t\t\t<div class=\"author-info\">\n\t\t\t\t\t\t\t\t\t\t\t\t\t\t\t<\/div><!-- \/.author-info -->\n\t\t\t\t\t\t\t\t\t<\/div><!-- \/.deeper-testimonial-box -->\n\n\t\t\t[\/vc_column][\/vc_row]<\/p>\n","protected":false},"excerpt":{"rendered":"<p>[vc_row canvas=&#8221;%5B%7B%22element%22%3A%22morphin%22%2C%22shape%22%3A%22shape-4%22%2C%22image_effect%22%3A%22style-1%22%2C%22smoothness%22%3A%2230%22%2C%22class%22%3A%22index1%20rev-item%20ri5%22%7D%2C%7B%22element%22%3A%22image%22%2C%22shape%22%3A%22shape-1%22%2C%22image%22%3A%223310%22%2C%22image_width%22%3A%2260%25%22%2C%22image_post_top%22%3A%2215%25%22%2C%22image_post_right%22%3A%220%25%22%2C%22image_effect%22%3A%22style-1%22%2C%22smoothness%22%3A%2230%22%2C%22class%22%3A%22rev-item%20ri6%20index1%22%7D%5D&#8221; el_class=&#8221;first-row&#8221;][vc_column][\/vc_column][\/vc_row][vc_row][vc_column][\/vc_column][\/vc_row][vc_row canvas=&#8221;%5B%7B%22shape%22%3A%22shape-1%22%2C%22image_effect%22%3A%22style-1%22%2C%22smoothness%22%3A%2230%22%7D%5D&#8221; el_class=&#8221;accordion-effect&#8221;][vc_column width=&#8221;1\/2&#8243;][\/vc_column][vc_column width=&#8221;1\/2&#8243;][\/vc_column][\/vc_row]<\/p>\n","protected":false},"author":1,"featured_media":0,"parent":0,"menu_order":0,"comment_status":"closed","ping_status":"closed","template":"","meta":{"inline_featured_image":false,"footnotes":""},"class_list":["post-3157","page","type-page","status-publish","hentry"],"acf":[],"yoast_head":"<!-- This site is optimized with the Yoast SEO plugin v27.5 - https:\/\/yoast.com\/product\/yoast-seo-wordpress\/ -->\n<title>Processos Internos - Invian<\/title>\n<meta name=\"robots\" content=\"index, follow, max-snippet:-1, max-image-preview:large, max-video-preview:-1\" \/>\n<link rel=\"canonical\" href=\"https:\/\/www.invian.net\/pt\/internal-processes\/\" \/>\n<meta property=\"og:locale\" content=\"pt_PT\" \/>\n<meta property=\"og:type\" content=\"article\" \/>\n<meta property=\"og:title\" content=\"Processos Internos - Invian\" \/>\n<meta property=\"og:description\" content=\"[vc_row canvas=&#8221;%5B%7B%22element%22%3A%22morphin%22%2C%22shape%22%3A%22shape-4%22%2C%22image_effect%22%3A%22style-1%22%2C%22smoothness%22%3A%2230%22%2C%22class%22%3A%22index1%20rev-item%20ri5%22%7D%2C%7B%22element%22%3A%22image%22%2C%22shape%22%3A%22shape-1%22%2C%22image%22%3A%223310%22%2C%22image_width%22%3A%2260%25%22%2C%22image_post_top%22%3A%2215%25%22%2C%22image_post_right%22%3A%220%25%22%2C%22image_effect%22%3A%22style-1%22%2C%22smoothness%22%3A%2230%22%2C%22class%22%3A%22rev-item%20ri6%20index1%22%7D%5D&#8221; el_class=&#8221;first-row&#8221;][vc_column][\/vc_column][\/vc_row][vc_row][vc_column][\/vc_column][\/vc_row][vc_row canvas=&#8221;%5B%7B%22shape%22%3A%22shape-1%22%2C%22image_effect%22%3A%22style-1%22%2C%22smoothness%22%3A%2230%22%7D%5D&#8221; el_class=&#8221;accordion-effect&#8221;][vc_column width=&#8221;1\/2&#8243;][\/vc_column][vc_column width=&#8221;1\/2&#8243;][\/vc_column][\/vc_row]\" \/>\n<meta property=\"og:url\" content=\"https:\/\/www.invian.net\/pt\/internal-processes\/\" \/>\n<meta property=\"og:site_name\" content=\"Invian\" \/>\n<meta property=\"article:publisher\" content=\"https:\/\/www.facebook.com\/invian.net\" \/>\n<meta property=\"article:modified_time\" content=\"2024-02-22T15:43:57+00:00\" \/>\n<meta name=\"twitter:card\" content=\"summary_large_image\" \/>\n<script type=\"application\/ld+json\" class=\"yoast-schema-graph\">{\"@context\":\"https:\\\/\\\/schema.org\",\"@graph\":[{\"@type\":\"WebPage\",\"@id\":\"https:\\\/\\\/www.invian.net\\\/pt\\\/internal-processes\\\/\",\"url\":\"https:\\\/\\\/www.invian.net\\\/pt\\\/internal-processes\\\/\",\"name\":\"Processos Internos - Invian\",\"isPartOf\":{\"@id\":\"https:\\\/\\\/www.invian.net\\\/pt\\\/#website\"},\"datePublished\":\"2020-05-28T07:02:16+00:00\",\"dateModified\":\"2024-02-22T15:43:57+00:00\",\"breadcrumb\":{\"@id\":\"https:\\\/\\\/www.invian.net\\\/pt\\\/internal-processes\\\/#breadcrumb\"},\"inLanguage\":\"pt-PT\",\"potentialAction\":[{\"@type\":\"ReadAction\",\"target\":[\"https:\\\/\\\/www.invian.net\\\/pt\\\/internal-processes\\\/\"]}]},{\"@type\":\"BreadcrumbList\",\"@id\":\"https:\\\/\\\/www.invian.net\\\/pt\\\/internal-processes\\\/#breadcrumb\",\"itemListElement\":[{\"@type\":\"ListItem\",\"position\":1,\"name\":\"Home\",\"item\":\"https:\\\/\\\/www.invian.net\\\/pt\\\/\"},{\"@type\":\"ListItem\",\"position\":2,\"name\":\"Processos Internos\"}]},{\"@type\":\"WebSite\",\"@id\":\"https:\\\/\\\/www.invian.net\\\/pt\\\/#website\",\"url\":\"https:\\\/\\\/www.invian.net\\\/pt\\\/\",\"name\":\"Invian \u2013 Smart OOH Systems\",\"description\":\"Smart OOH Systems\",\"publisher\":{\"@id\":\"https:\\\/\\\/www.invian.net\\\/pt\\\/#organization\"},\"alternateName\":\"Invian\",\"potentialAction\":[{\"@type\":\"SearchAction\",\"target\":{\"@type\":\"EntryPoint\",\"urlTemplate\":\"https:\\\/\\\/www.invian.net\\\/pt\\\/?s={search_term_string}\"},\"query-input\":{\"@type\":\"PropertyValueSpecification\",\"valueRequired\":true,\"valueName\":\"search_term_string\"}}],\"inLanguage\":\"pt-PT\"},{\"@type\":\"Organization\",\"@id\":\"https:\\\/\\\/www.invian.net\\\/pt\\\/#organization\",\"name\":\"Invian \u2013 Smart OOH Systems\",\"url\":\"https:\\\/\\\/www.invian.net\\\/pt\\\/\",\"logo\":{\"@type\":\"ImageObject\",\"inLanguage\":\"pt-PT\",\"@id\":\"https:\\\/\\\/www.invian.net\\\/pt\\\/#\\\/schema\\\/logo\\\/image\\\/\",\"url\":\"https:\\\/\\\/www.invian.net\\\/pt\\\/wp-content\\\/uploads\\\/2023\\\/02\\\/LOGO-Color-en-positivo.svg\",\"contentUrl\":\"https:\\\/\\\/www.invian.net\\\/pt\\\/wp-content\\\/uploads\\\/2023\\\/02\\\/LOGO-Color-en-positivo.svg\",\"width\":\"1024\",\"height\":\"1024\",\"caption\":\"Invian \u2013 Smart OOH Systems\"},\"image\":{\"@id\":\"https:\\\/\\\/www.invian.net\\\/pt\\\/#\\\/schema\\\/logo\\\/image\\\/\"},\"sameAs\":[\"https:\\\/\\\/www.facebook.com\\\/invian.net\",\"https:\\\/\\\/www.linkedin.com\\\/company\\\/invian\\\/mycompany\\\/\",\"https:\\\/\\\/www.instagram.com\\\/invianinternational\\\/\"]}]}<\/script>\n<!-- \/ Yoast SEO plugin. -->","yoast_head_json":{"title":"Processos Internos - Invian","robots":{"index":"index","follow":"follow","max-snippet":"max-snippet:-1","max-image-preview":"max-image-preview:large","max-video-preview":"max-video-preview:-1"},"canonical":"https:\/\/www.invian.net\/pt\/internal-processes\/","og_locale":"pt_PT","og_type":"article","og_title":"Processos Internos - Invian","og_description":"[vc_row canvas=&#8221;%5B%7B%22element%22%3A%22morphin%22%2C%22shape%22%3A%22shape-4%22%2C%22image_effect%22%3A%22style-1%22%2C%22smoothness%22%3A%2230%22%2C%22class%22%3A%22index1%20rev-item%20ri5%22%7D%2C%7B%22element%22%3A%22image%22%2C%22shape%22%3A%22shape-1%22%2C%22image%22%3A%223310%22%2C%22image_width%22%3A%2260%25%22%2C%22image_post_top%22%3A%2215%25%22%2C%22image_post_right%22%3A%220%25%22%2C%22image_effect%22%3A%22style-1%22%2C%22smoothness%22%3A%2230%22%2C%22class%22%3A%22rev-item%20ri6%20index1%22%7D%5D&#8221; el_class=&#8221;first-row&#8221;][vc_column][\/vc_column][\/vc_row][vc_row][vc_column][\/vc_column][\/vc_row][vc_row canvas=&#8221;%5B%7B%22shape%22%3A%22shape-1%22%2C%22image_effect%22%3A%22style-1%22%2C%22smoothness%22%3A%2230%22%7D%5D&#8221; el_class=&#8221;accordion-effect&#8221;][vc_column width=&#8221;1\/2&#8243;][\/vc_column][vc_column width=&#8221;1\/2&#8243;][\/vc_column][\/vc_row]","og_url":"https:\/\/www.invian.net\/pt\/internal-processes\/","og_site_name":"Invian","article_publisher":"https:\/\/www.facebook.com\/invian.net","article_modified_time":"2024-02-22T15:43:57+00:00","twitter_card":"summary_large_image","schema":{"@context":"https:\/\/schema.org","@graph":[{"@type":"WebPage","@id":"https:\/\/www.invian.net\/pt\/internal-processes\/","url":"https:\/\/www.invian.net\/pt\/internal-processes\/","name":"Processos Internos - Invian","isPartOf":{"@id":"https:\/\/www.invian.net\/pt\/#website"},"datePublished":"2020-05-28T07:02:16+00:00","dateModified":"2024-02-22T15:43:57+00:00","breadcrumb":{"@id":"https:\/\/www.invian.net\/pt\/internal-processes\/#breadcrumb"},"inLanguage":"pt-PT","potentialAction":[{"@type":"ReadAction","target":["https:\/\/www.invian.net\/pt\/internal-processes\/"]}]},{"@type":"BreadcrumbList","@id":"https:\/\/www.invian.net\/pt\/internal-processes\/#breadcrumb","itemListElement":[{"@type":"ListItem","position":1,"name":"Home","item":"https:\/\/www.invian.net\/pt\/"},{"@type":"ListItem","position":2,"name":"Processos Internos"}]},{"@type":"WebSite","@id":"https:\/\/www.invian.net\/pt\/#website","url":"https:\/\/www.invian.net\/pt\/","name":"Invian \u2013 Smart OOH Systems","description":"Smart OOH Systems","publisher":{"@id":"https:\/\/www.invian.net\/pt\/#organization"},"alternateName":"Invian","potentialAction":[{"@type":"SearchAction","target":{"@type":"EntryPoint","urlTemplate":"https:\/\/www.invian.net\/pt\/?s={search_term_string}"},"query-input":{"@type":"PropertyValueSpecification","valueRequired":true,"valueName":"search_term_string"}}],"inLanguage":"pt-PT"},{"@type":"Organization","@id":"https:\/\/www.invian.net\/pt\/#organization","name":"Invian \u2013 Smart OOH Systems","url":"https:\/\/www.invian.net\/pt\/","logo":{"@type":"ImageObject","inLanguage":"pt-PT","@id":"https:\/\/www.invian.net\/pt\/#\/schema\/logo\/image\/","url":"https:\/\/www.invian.net\/pt\/wp-content\/uploads\/2023\/02\/LOGO-Color-en-positivo.svg","contentUrl":"https:\/\/www.invian.net\/pt\/wp-content\/uploads\/2023\/02\/LOGO-Color-en-positivo.svg","width":"1024","height":"1024","caption":"Invian \u2013 Smart OOH Systems"},"image":{"@id":"https:\/\/www.invian.net\/pt\/#\/schema\/logo\/image\/"},"sameAs":["https:\/\/www.facebook.com\/invian.net","https:\/\/www.linkedin.com\/company\/invian\/mycompany\/","https:\/\/www.instagram.com\/invianinternational\/"]}]}},"meta_box":{"custom_header_logo":false,"logo_width":"","header_style":"","header_background":"","header_extra":"","header_button_extra":"","hide_featured_title":"1","featured_title_bg":[],"custom_featured_title":"","page_layout":"no-sidebar","page_sidebar":"sidebar-page","main_content_bg":"","main_content_bg_img":[],"hide_padding_content":"1","hide_footer":"0","footer_bg":"","footer_bg_img":[],"footer_class":"","bottom_bar_style":"","bottom_bg":"","bottom_class":""},"_links":{"self":[{"href":"https:\/\/www.invian.net\/pt\/wp-json\/wp\/v2\/pages\/3157","targetHints":{"allow":["GET"]}}],"collection":[{"href":"https:\/\/www.invian.net\/pt\/wp-json\/wp\/v2\/pages"}],"about":[{"href":"https:\/\/www.invian.net\/pt\/wp-json\/wp\/v2\/types\/page"}],"author":[{"embeddable":true,"href":"https:\/\/www.invian.net\/pt\/wp-json\/wp\/v2\/users\/1"}],"replies":[{"embeddable":true,"href":"https:\/\/www.invian.net\/pt\/wp-json\/wp\/v2\/comments?post=3157"}],"version-history":[{"count":28,"href":"https:\/\/www.invian.net\/pt\/wp-json\/wp\/v2\/pages\/3157\/revisions"}],"predecessor-version":[{"id":4051,"href":"https:\/\/www.invian.net\/pt\/wp-json\/wp\/v2\/pages\/3157\/revisions\/4051"}],"wp:attachment":[{"href":"https:\/\/www.invian.net\/pt\/wp-json\/wp\/v2\/media?parent=3157"}],"curies":[{"name":"wp","href":"https:\/\/api.w.org\/{rel}","templated":true}]}}